{"id":197,"date":"2024-04-17T15:17:33","date_gmt":"2024-04-17T15:17:33","guid":{"rendered":"https:\/\/exa.unne.edu.ar\/Congreso%20de%20Herpetologia\/?page_id=197"},"modified":"2024-06-24T15:35:23","modified_gmt":"2024-06-24T15:35:23","slug":"inscripcion","status":"publish","type":"page","link":"https:\/\/exa.unne.edu.ar\/Congreso%20de%20Herpetologia\/index.php\/inscripcion\/","title":{"rendered":"Inscripci\u00f3n"},"content":{"rendered":"<p>[vc_row][vc_column][vc_column_text]<img loading=\"lazy\" decoding=\"async\" class=\"alignnone wp-image-424 size-full\" src=\"https:\/\/exa.unne.edu.ar\/Congreso%20de%20Herpetologia\/wp-content\/uploads\/2024\/06\/1.jpg\" alt=\"\" width=\"1024\" height=\"768\" srcset=\"https:\/\/exa.unne.edu.ar\/Congreso%20de%20Herpetologia\/wp-content\/uploads\/2024\/06\/1.jpg 1024w, https:\/\/exa.unne.edu.ar\/Congreso%20de%20Herpetologia\/wp-content\/uploads\/2024\/06\/1-300x225.jpg 300w, https:\/\/exa.unne.edu.ar\/Congreso%20de%20Herpetologia\/wp-content\/uploads\/2024\/06\/1-768x576.jpg 768w, https:\/\/exa.unne.edu.ar\/Congreso%20de%20Herpetologia\/wp-content\/uploads\/2024\/06\/1-80x60.jpg 80w\" sizes=\"(max-width: 1024px) 100vw, 1024px\" \/>[\/vc_column_text][\/vc_column][\/vc_row][vc_row][vc_column][vc_separator color=&#8221;peacoc&#8221; border_width=&#8221;3&#8243;][\/vc_column][\/vc_row][vc_row][vc_column][vc_column_text]<a href=\"https:\/\/pagos.unne.edu.ar\/\"><img loading=\"lazy\" decoding=\"async\" class=\"wp-image-425 size-large aligncenter\" src=\"https:\/\/exa.unne.edu.ar\/Congreso%20de%20Herpetologia\/wp-content\/uploads\/2024\/06\/2-724x1024.jpg\" alt=\"\" width=\"724\" height=\"1024\" srcset=\"https:\/\/exa.unne.edu.ar\/Congreso%20de%20Herpetologia\/wp-content\/uploads\/2024\/06\/2-724x1024.jpg 724w, https:\/\/exa.unne.edu.ar\/Congreso%20de%20Herpetologia\/wp-content\/uploads\/2024\/06\/2-212x300.jpg 212w, https:\/\/exa.unne.edu.ar\/Congreso%20de%20Herpetologia\/wp-content\/uploads\/2024\/06\/2-768x1086.jpg 768w, https:\/\/exa.unne.edu.ar\/Congreso%20de%20Herpetologia\/wp-content\/uploads\/2024\/06\/2-1086x1536.jpg 1086w, https:\/\/exa.unne.edu.ar\/Congreso%20de%20Herpetologia\/wp-content\/uploads\/2024\/06\/2-42x60.jpg 42w, https:\/\/exa.unne.edu.ar\/Congreso%20de%20Herpetologia\/wp-content\/uploads\/2024\/06\/2.jpg 1414w\" sizes=\"(max-width: 724px) 100vw, 724px\" \/><\/a>[\/vc_column_text][\/vc_column][\/vc_row][vc_row][vc_column][vc_column_text]<em><strong>La inscripci\u00f3n para asistentes y expositores\/as se completar\u00e1 exclusivamente mediante el env\u00edo del formulario<span style=\"font-family: DejaVu Sans, sans-serif;\"><span style=\"font-size: medium;\">\u00a0<\/span><\/span><\/strong><\/em>[\/vc_column_text][\/vc_column][\/vc_row][vc_row][vc_column][vc_column_text]<img loading=\"lazy\" decoding=\"async\" class=\"wp-image-340 size-medium aligncenter\" src=\"https:\/\/exa.unne.edu.ar\/Congreso%20de%20Herpetologia\/wp-content\/uploads\/2024\/04\/Codigo-QR-INSCRIPCION-300x300.png\" alt=\"\" width=\"300\" height=\"300\" srcset=\"https:\/\/exa.unne.edu.ar\/Congreso%20de%20Herpetologia\/wp-content\/uploads\/2024\/04\/Codigo-QR-INSCRIPCION-300x300.png 300w, https:\/\/exa.unne.edu.ar\/Congreso%20de%20Herpetologia\/wp-content\/uploads\/2024\/04\/Codigo-QR-INSCRIPCION-150x150.png 150w, https:\/\/exa.unne.edu.ar\/Congreso%20de%20Herpetologia\/wp-content\/uploads\/2024\/04\/Codigo-QR-INSCRIPCION-768x768.png 768w, https:\/\/exa.unne.edu.ar\/Congreso%20de%20Herpetologia\/wp-content\/uploads\/2024\/04\/Codigo-QR-INSCRIPCION-435x435.png 435w, https:\/\/exa.unne.edu.ar\/Congreso%20de%20Herpetologia\/wp-content\/uploads\/2024\/04\/Codigo-QR-INSCRIPCION-60x60.png 60w, https:\/\/exa.unne.edu.ar\/Congreso%20de%20Herpetologia\/wp-content\/uploads\/2024\/04\/Codigo-QR-INSCRIPCION.png 1000w\" sizes=\"(max-width: 300px) 100vw, 300px\" \/><\/p>\n<h4 style=\"text-align: center;\"><a href=\"https:\/\/docs.google.com\/forms\/d\/e\/1FAIpQLSdJnqGZmaCsNPhk6onA0UaFHIljAAkF7jlN_kvyj6i1WGPLDg\/viewform?fbclid=PAZXh0bgNhZW0CMTEAAaai_KQZZi-1lJQF6B9lN9OWj_vYfyad1wny5Mo-QKIoaVf1ByYqzg1g2Rc_aem_LzauLCbTra-xxmg-PnW5FQ\"><span style=\"color: #800000;\">Complet\u00e1 el formulario AQU\u00cd<\/span><\/a><\/h4>\n<p>[\/vc_column_text][\/vc_column][\/vc_row][vc_row][vc_column][vc_separator color=&#8221;peacoc&#8221; border_width=&#8221;3&#8243;][\/vc_column][\/vc_row][vc_row][vc_column][vc_column_text]<\/p>\n<div>\n<p>Las facturas por el pago de Inscripci\u00f3n al congreso ser\u00e1n entregadas durante el evento.\u00a0Recuerde indicar en el formulario de inscripci\u00f3n los datos de facturaci\u00f3n detallados.<\/p>\n<p>&nbsp;<\/p>\n<p>La Asociaci\u00f3n Herpetol\u00f3gica Argentina se encuentra actualmente abocada a resolver problemas contables que obstaculizan la emisi\u00f3n de facturas.\u00a0Por favor, si Ud precisa factura del pago de la Cuota Anual AHA, comun\u00edquese antes de efectuar el dep\u00f3sito o transferencia con:<\/p>\n<p>&nbsp;<\/p>\n<div>Dario Cardozo:<span style=\"color: #800000;\"> <a style=\"color: #800000;\" href=\"mailto:ahatesoreria.40@gmail.com\" target=\"_blank\">ahatesoreria.40@gmail.com<\/a><\/span><\/div>\n<\/div>\n<p>[\/vc_column_text][\/vc_column][\/vc_row]<\/p>\n","protected":false},"excerpt":{"rendered":"<p>[vc_row][vc_column][vc_column_text][\/vc_column_text][\/vc_column][\/vc_row][vc_row][vc_column][vc_separator color=&#8221;peacoc&#8221; border_width=&#8221;3&#8243;][\/vc_column][\/vc_row][vc_row][vc_column][vc_column_text][\/vc_column_text][\/vc_column][\/vc_row][vc_row][vc_column][vc_column_text]La inscripci\u00f3n para asistentes y expositores\/as se completar\u00e1 exclusivamente mediante el env\u00edo del formulario\u00a0[\/vc_column_text][\/vc_column][\/vc_row][vc_row][vc_column][vc_column_text] Complet\u00e1 el formulario AQU\u00cd [\/vc_column_text][\/vc_column][\/vc_row][vc_row][vc_column][vc_separator color=&#8221;peacoc&#8221; border_width=&#8221;3&#8243;][\/vc_column][\/vc_row][vc_row][vc_column][vc_column_text] Las facturas por el pago de Inscripci\u00f3n al congreso ser\u00e1n entregadas durante el evento.\u00a0Recuerde indicar en el formulario de inscripci\u00f3n los datos de facturaci\u00f3n detallados. &nbsp; La Asociaci\u00f3n Herpetol\u00f3gica Argentina se encuentra &hellip; <\/p>\n","protected":false},"author":1,"featured_media":0,"parent":0,"menu_order":0,"comment_status":"closed","ping_status":"closed","template":"","meta":{"footnotes":""},"categories":[],"tags":[],"_links":{"self":[{"href":"https:\/\/exa.unne.edu.ar\/Congreso%20de%20Herpetologia\/index.php\/wp-json\/wp\/v2\/pages\/197"}],"collection":[{"href":"https:\/\/exa.unne.edu.ar\/Congreso%20de%20Herpetologia\/index.php\/wp-json\/wp\/v2\/pages"}],"about":[{"href":"https:\/\/exa.unne.edu.ar\/Congreso%20de%20Herpetologia\/index.php\/wp-json\/wp\/v2\/types\/page"}],"author":[{"embeddable":true,"href":"https:\/\/exa.unne.edu.ar\/Congreso%20de%20Herpetologia\/index.php\/wp-json\/wp\/v2\/users\/1"}],"replies":[{"embeddable":true,"href":"https:\/\/exa.unne.edu.ar\/Congreso%20de%20Herpetologia\/index.php\/wp-json\/wp\/v2\/comments?post=197"}],"version-history":[{"count":12,"href":"https:\/\/exa.unne.edu.ar\/Congreso%20de%20Herpetologia\/index.php\/wp-json\/wp\/v2\/pages\/197\/revisions"}],"predecessor-version":[{"id":430,"href":"https:\/\/exa.unne.edu.ar\/Congreso%20de%20Herpetologia\/index.php\/wp-json\/wp\/v2\/pages\/197\/revisions\/430"}],"wp:attachment":[{"href":"https:\/\/exa.unne.edu.ar\/Congreso%20de%20Herpetologia\/index.php\/wp-json\/wp\/v2\/media?parent=197"}],"wp:term":[{"taxonomy":"category","embeddable":true,"href":"https:\/\/exa.unne.edu.ar\/Congreso%20de%20Herpetologia\/index.php\/wp-json\/wp\/v2\/categories?post=197"},{"taxonomy":"post_tag","embeddable":true,"href":"https:\/\/exa.unne.edu.ar\/Congreso%20de%20Herpetologia\/index.php\/wp-json\/wp\/v2\/tags?post=197"}],"curies":[{"name":"wp","href":"https:\/\/api.w.org\/{rel}","templated":true}]}}