{"id":801,"date":"2021-08-08T23:40:26","date_gmt":"2021-08-08T23:40:26","guid":{"rendered":"http:\/\/exa.unne.edu.ar\/facena-virtual\/?page_id=801"},"modified":"2021-08-11T22:25:24","modified_gmt":"2021-08-11T22:25:24","slug":"eje-4-estrategias-de-gestion-institucional-en-pandemia-2","status":"publish","type":"page","link":"http:\/\/exa.unne.edu.ar\/facena-virtual\/index.php\/eje-4-estrategias-de-gestion-institucional-en-pandemia-2\/","title":{"rendered":"Eje 4: Estrategias de gesti\u00f3n institucional en pandemia"},"content":{"rendered":"\n<figure class=\"wp-block-table\"><table><tbody><tr><td>032<\/td><td><strong>Estrategias desde un Comit\u00e9 de Crisis para la Virtualidad ante el COVID-19 en la Universidad Nacional del Sur.<\/strong> <br><em>Ferracutti, Nancy. Ferracutti, V\u00edctor. Iriarte, Laura. (UNSur)<\/em><\/td><td><a href=\"http:\/\/exa.unne.edu.ar\/facena-virtual\/wp-content\/uploads\/2021\/08\/EJE4-032-Ferracutti.pdf\" target=\"_blank\" rel=\"noreferrer noopener\">Ver poster<\/a><\/td><\/tr><tr><td>036<\/td><td><strong>Programa Articulatorio &#8211; Programa Institucional para optimizar el tr\u00e1nsito de la escuela secundaria a la universidad. Facultad de Ciencias Veterinarias (FCV), Universidad Nacional del Centro de la Provincia De Buenos Aires (UNCPBA)<\/strong> <br><em>Pingitore, Mar\u00eda Claudia. Villacorta, Aldana. Macchi, Camila. Felipe, Antonio Eduardo. (UNCPBA)<\/em><\/td><td><a href=\"http:\/\/exa.unne.edu.ar\/facena-virtual\/wp-content\/uploads\/2021\/08\/EJE4-036-Pingitore.pdf\" target=\"_blank\" rel=\"noreferrer noopener\">Ver poster<\/a><\/td><\/tr><tr><td>037<\/td><td><strong>Aprender en la virtualidad: reconstrucci\u00f3n de tiempos, espacios y saberes<\/strong> <br><em>Tolaba,Carmen M\u00f3nica. Si\u00f1anes, Gabriela (UNS<\/em>a)<\/td><td><\/td><\/tr><tr><td>044<\/td><td><strong>Sistema inform\u00e1tico para tutor\u00edas a distancia. Una respuesta necesaria ante la pandemia<\/strong> <br><em>Istvan, Romina. Lasagna, Valeria. Bacigalupe, Mar\u00eda de los \u00c1ngeles, (UTN-La Plata)<\/em><\/td><td><a href=\"http:\/\/exa.unne.edu.ar\/facena-virtual\/wp-content\/uploads\/2021\/08\/Eje4-044-IstvanRomina.pptx.pdf\" target=\"_blank\" rel=\"noreferrer noopener\">Ver poster<\/a><\/td><\/tr><tr><td>049<\/td><td><strong>Variables estructurantes en la toma de decisiones institucionales para el fortalecimiento did\u00e1ctico-tecnol\u00f3gico de las carreras Arquitectura y Dise\u00f1o Gr\u00e1fico de la FAU-UNNE<\/strong> <br><em>Boccolini, Vanina. Russo, Gabriela. (UNNE)<\/em><\/td><td><a href=\"http:\/\/exa.unne.edu.ar\/facena-virtual\/wp-content\/uploads\/2021\/08\/Eje-4-049-BOCCOLINI-RUSSO.pdf\" target=\"_blank\" rel=\"noreferrer noopener\">Ver poster<\/a><\/td><\/tr><tr><td>050<\/td><td><strong>Emergencia en la urgencia: la evaluaci\u00f3n virtual en contextos de educaci\u00f3n<br>remota forzada por la pandemia<\/strong> <br><em>Iturrioz, Graciela (UNPSJB)<\/em><\/td><td><a href=\"http:\/\/exa.unne.edu.ar\/facena-virtual\/wp-content\/uploads\/2021\/08\/Eje-4-050-Iturrioz-M\u00f3nica-Graciela.pdf\" target=\"_blank\" rel=\"noreferrer noopener\">Ver poster<\/a><\/td><\/tr><tr><td>051<\/td><td><strong>Oportunidades y desaf\u00edos de gestionar el \u00e1rea de educaci\u00f3n virtual en tiempos de pandemia. El caso de la FaCENA-UNNE<\/strong> <br><em>Castro Chans, Beatriz. Godoy Guglielmone, Mar\u00eda Viviana. (UNNE)<\/em><\/td><td><a href=\"http:\/\/exa.unne.edu.ar\/facena-virtual\/wp-content\/uploads\/2021\/08\/EJE-4-051.pdf\" target=\"_blank\" rel=\"noreferrer noopener\">Ver poster<\/a><\/td><\/tr><\/tbody><\/table><\/figure>\n","protected":false},"excerpt":{"rendered":"<p>032 Estrategias desde un Comit\u00e9 de Crisis para la Virtualidad ante el COVID-19 en la Universidad Nacional del Sur. Ferracutti, Nancy. Ferracutti, V\u00edctor. Iriarte, Laura. (UNSur) Ver poster 036 Programa Articulatorio &#8211; Programa Institucional para optimizar el tr\u00e1nsito de la escuela secundaria a la universidad. Facultad de Ciencias Veterinarias (FCV), Universidad Nacional del Centro de &hellip; <\/p>\n","protected":false},"author":1,"featured_media":0,"parent":0,"menu_order":0,"comment_status":"closed","ping_status":"closed","template":"","meta":{"_monsterinsights_skip_tracking":false,"_monsterinsights_sitenote_active":false,"_monsterinsights_sitenote_note":"","_monsterinsights_sitenote_category":0,"footnotes":""},"class_list":["post-801","page","type-page","status-publish","hentry"],"_links":{"self":[{"href":"http:\/\/exa.unne.edu.ar\/facena-virtual\/index.php\/wp-json\/wp\/v2\/pages\/801","targetHints":{"allow":["GET"]}}],"collection":[{"href":"http:\/\/exa.unne.edu.ar\/facena-virtual\/index.php\/wp-json\/wp\/v2\/pages"}],"about":[{"href":"http:\/\/exa.unne.edu.ar\/facena-virtual\/index.php\/wp-json\/wp\/v2\/types\/page"}],"author":[{"embeddable":true,"href":"http:\/\/exa.unne.edu.ar\/facena-virtual\/index.php\/wp-json\/wp\/v2\/users\/1"}],"replies":[{"embeddable":true,"href":"http:\/\/exa.unne.edu.ar\/facena-virtual\/index.php\/wp-json\/wp\/v2\/comments?post=801"}],"version-history":[{"count":3,"href":"http:\/\/exa.unne.edu.ar\/facena-virtual\/index.php\/wp-json\/wp\/v2\/pages\/801\/revisions"}],"predecessor-version":[{"id":908,"href":"http:\/\/exa.unne.edu.ar\/facena-virtual\/index.php\/wp-json\/wp\/v2\/pages\/801\/revisions\/908"}],"wp:attachment":[{"href":"http:\/\/exa.unne.edu.ar\/facena-virtual\/index.php\/wp-json\/wp\/v2\/media?parent=801"}],"curies":[{"name":"wp","href":"https:\/\/api.w.org\/{rel}","templated":true}]}}