{"id":80,"date":"2021-02-10T11:51:59","date_gmt":"2021-02-10T11:51:59","guid":{"rendered":"http:\/\/facenavirtual.com.ar\/inicio\/?page_id=80"},"modified":"2021-02-10T11:51:59","modified_gmt":"2021-02-10T11:51:59","slug":"organizar-el-estudio","status":"publish","type":"page","link":"http:\/\/exa.unne.edu.ar\/facena-virtual\/index.php\/organizar-el-estudio\/","title":{"rendered":"Organizar el estudio"},"content":{"rendered":"\n<p>Estudiar en entornos virtuales no es m\u00e1s f\u00e1cil ni m\u00e1s dif\u00edcil que en la modalidad presencial. Es diferente y requiere del desarrollo de algunas competencias y actitudes.<\/p>\n\n\n\n<p>A continuaci\u00f3n, consideraremos algunas de ellas, dejando en claro que no agotamos la lista:&nbsp;<\/p>\n\n\n\n<p><strong>Aprendizaje aut\u00f3nomo&nbsp;<\/strong><\/p>\n\n\n\n<p>Esta es una habilidad propia de cualquier modalidad de estudios superiores, pero en la opci\u00f3n a distancia se profundiza a\u00fan m\u00e1s porque no se cuenta con la instancia presencial en la que se comparte tiempo y espacio. Por lo tanto, se requiere autodisciplina o autorregulaci\u00f3n.&nbsp;<\/p>\n\n\n\n<p><strong>Planificar las actividades<\/strong><\/p>\n\n\n\n<p>La autorregulaci\u00f3n, implica organizar las actividades considerando su grado de complejidad y el tiempo disponible para alcanzar las metas. O sea, realizar una planificaci\u00f3n realista del tiempo del que dispone y ajustarlo a los requerimientos del curso.<\/p>\n\n\n\n<p>Algunas pautas \u00fatiles en este sentido es registrar:&nbsp;<\/p>\n\n\n\n<ul class=\"wp-block-list\"><li>Qu\u00e9 d\u00edas de la semana se suben \/ actualizan las clases o contenidos a la plataforma.<\/li><li>Registrar las fechas l\u00edmite de entrega de trabajos y evaluaciones.&nbsp;<\/li><li>Al momento de recibir las clases, verificar el acceso a la bibliograf\u00eda u otros recursos utilizados. Aunque realice las actividades o lectura durante el fin de semana, se ver\u00e1 en problemas si no puede aprovechar el tiempo que dispuso para estudiar o realizar los trabajos por no poder acceder a los textos o visualizar un video o descargar un archivo. Los profesores en l\u00ednea no est\u00e1n disponibles las 24 horas.&nbsp;<\/li><\/ul>\n\n\n\n<p><strong>Los derechos de autor&nbsp;<\/strong><\/p>\n\n\n\n<p>Es importante tener en cuenta que al igual que en la modalidad presencial, no es correcto copiar trabajos de otros sin citarlos adecuadamente. En el caso de citas de autores, corresponde realizar correctamente las referencias seg\u00fan corresponda al campo disciplinar (normas APA, IEEE, etc.).&nbsp;<\/p>\n\n\n\n<p>De ning\u00fan modo se acepta la copia de trabajos de otras personas o colegas.\u00a0 Estas situaciones est\u00e1n previstas en la<a href=\"http:\/\/exa.unne.edu.ar\/facena-virtual\/wp-content\/uploads\/2021\/02\/ResR-0315-19_LineamyParamCampusVirtual.pdf\" target=\"_blank\" rel=\"noreferrer noopener\"> Resoluci\u00f3n N\u00ba 315\/19 R &#8211; Lineamientos de administraci\u00f3n, gesti\u00f3n y uso del Campus Virtual de la UNNE.\u00a0\u00a0<\/a><\/p>\n\n\n\n<p>Sugerimos leer atentamente el Anexo 2 donde se hace referencia a los t\u00e9rminos y condiciones de uso del Campus Virtual de la UNNE.&nbsp;&nbsp;<\/p>\n\n\n\n<p><strong>La clave es la comunicaci\u00f3n<\/strong><\/p>\n\n\n\n<p>Si bien el aprendizaje mediado por tecnolog\u00edas es aut\u00f3nomo (autorregulado) y flexible (sin un tiempo y lugar f\u00edsico establecido), el estudiante no se encuentra en soledad, sino que interact\u00faa con el equipo docente, tutores y compa\u00f1eros de curso.&nbsp;<\/p>\n\n\n\n<p>La comunicaci\u00f3n es un factor clave en la educaci\u00f3n virtual, especialmente porque cuando no nos comunicamos a trav\u00e9s de la plataforma, el docente y los compa\u00f1eros no saben si tenemos dificultades, si abandonamos el curso o si, simplemente, nos tomamos un \u201cdescanso moment\u00e1neo\u201d.<\/p>\n\n\n\n<p>Es fundamental acceder a la plataforma virtual de acuerdo a lo indicado por el equipo docente o, al menos, dos veces a la semana para que el docente sepa que seguimos estando ah\u00ed.&nbsp;&nbsp;<\/p>\n\n\n\n<p>Adem\u00e1s, como en cualquier \u00e1mbito, existen acuerdos sobre los modos y formas de expresarnos en el entorno virtual institucional, tanto en la interacci\u00f3n sincr\u00f3nica como asincr\u00f3nica, a fin de lograr un clima agradable y respetuoso para el \u00f3ptimo desarrollo del curso.<\/p>\n\n\n\n<p>A continuaci\u00f3n, exponemos pautas de comunicaci\u00f3n en la red tambi\u00e9n llamadas #netiquetas. Cada curso puede agregar o modificar algunas de acuerdo a sus caracter\u00edsticas particulares:&nbsp;<\/p>\n\n\n\n<p><strong>Normas generales&nbsp;<\/strong><\/p>\n\n\n\n<ul class=\"wp-block-list\"><li>Mantener los buenos modales, el respeto, la cortes\u00eda y formalidad tanto para la interacci\u00f3n con docentes como con otros\/as estudiantes<\/li><li>No se debe escribir o decir algo inapropiado, que pudiera da\u00f1ar, inhibir o provocar incomodidad a otros\/as participantes<\/li><li>Considerar el tono de las frases, evitando la iron\u00eda o el sarcasmo<\/li><li>Practicar la tolerancia y el respeto por las opiniones de los dem\u00e1s<\/li><li>Ingresar peri\u00f3dicamente al aula y realizar las actividades en tiempo y forma<\/li><li>Responsabilidad y compromiso en el desarrollo de las actividades grupales<\/li><\/ul>\n\n\n\n<p><strong>Pautas para la comunicaci\u00f3n escrita<\/strong><\/p>\n\n\n\n<ul class=\"wp-block-list\"><li>Expresar ideas, dudas o preguntas de la forma m\u00e1s clara y expl\u00edcita posible<\/li><li>Verificar la ortograf\u00eda y gram\u00e1tica en la redacci\u00f3n antes de publicar<\/li><li>Evitar escribir todo en may\u00fasculas, ya que esto equivale a gritar. Adem\u00e1s, dificulta la lectura. Si se quiere resaltar alguna idea, es m\u00e1s adecuado usar colores, negrita o cursiva.&nbsp;<\/li><li>Recordar respetar las leyes sobre Derechos de Autor y citar las fuentes bibliogr\u00e1ficas cuando corresponda.<\/li><\/ul>\n\n\n\n<p><strong>Tener en cuenta para las clases o tutor\u00edas sincr\u00f3nicas (videoconferencias)<\/strong><\/p>\n\n\n\n<ul class=\"wp-block-list\"><li>Conectarse a tiempo. (Las videoconferencias comienzan a horario y si ingresa tarde no corresponde preguntar lo que ya se explic\u00f3).&nbsp;<\/li><li>Usar moderadamente el chat mientras los docentes o compa\u00f1eros est\u00e1n hablando.&nbsp; Si su intervenci\u00f3n no puede esperar, solicite la palabra al docente.&nbsp;<\/li><li>Realizar sus intervenciones de forma ordenada, respetando la palabra y opiniones de los\/as compa\u00f1eros\/as.&nbsp;<\/li><li>Si se habilita la c\u00e1mara, cuidar la vestimenta y buscar un espacio adecuado para ubicarse.<\/li><\/ul>\n","protected":false},"excerpt":{"rendered":"<p>Estudiar en entornos virtuales no es m\u00e1s f\u00e1cil ni m\u00e1s dif\u00edcil que en la modalidad presencial. Es diferente y requiere del desarrollo de algunas competencias y actitudes. A continuaci\u00f3n, consideraremos algunas de ellas, dejando en claro que no agotamos la lista:&nbsp; Aprendizaje aut\u00f3nomo&nbsp; Esta es una habilidad propia de cualquier modalidad de estudios superiores, pero &hellip; <\/p>\n","protected":false},"author":1,"featured_media":0,"parent":0,"menu_order":0,"comment_status":"closed","ping_status":"closed","template":"","meta":{"_monsterinsights_skip_tracking":false,"_monsterinsights_sitenote_active":false,"_monsterinsights_sitenote_note":"","_monsterinsights_sitenote_category":0,"footnotes":""},"class_list":["post-80","page","type-page","status-publish","hentry"],"_links":{"self":[{"href":"http:\/\/exa.unne.edu.ar\/facena-virtual\/index.php\/wp-json\/wp\/v2\/pages\/80","targetHints":{"allow":["GET"]}}],"collection":[{"href":"http:\/\/exa.unne.edu.ar\/facena-virtual\/index.php\/wp-json\/wp\/v2\/pages"}],"about":[{"href":"http:\/\/exa.unne.edu.ar\/facena-virtual\/index.php\/wp-json\/wp\/v2\/types\/page"}],"author":[{"embeddable":true,"href":"http:\/\/exa.unne.edu.ar\/facena-virtual\/index.php\/wp-json\/wp\/v2\/users\/1"}],"replies":[{"embeddable":true,"href":"http:\/\/exa.unne.edu.ar\/facena-virtual\/index.php\/wp-json\/wp\/v2\/comments?post=80"}],"version-history":[{"count":0,"href":"http:\/\/exa.unne.edu.ar\/facena-virtual\/index.php\/wp-json\/wp\/v2\/pages\/80\/revisions"}],"wp:attachment":[{"href":"http:\/\/exa.unne.edu.ar\/facena-virtual\/index.php\/wp-json\/wp\/v2\/media?parent=80"}],"curies":[{"name":"wp","href":"https:\/\/api.w.org\/{rel}","templated":true}]}}