{"id":795,"date":"2021-08-08T23:39:21","date_gmt":"2021-08-08T23:39:21","guid":{"rendered":"http:\/\/exa.unne.edu.ar\/facena-virtual\/?page_id=795"},"modified":"2021-08-10T15:29:46","modified_gmt":"2021-08-10T15:29:46","slug":"eje-2-simuladores-y-laboratorios-para-la-ensenanza-de-carreras-cientifico-tecnologicas-2","status":"publish","type":"page","link":"http:\/\/exa.unne.edu.ar\/facena-virtual\/index.php\/eje-2-simuladores-y-laboratorios-para-la-ensenanza-de-carreras-cientifico-tecnologicas-2\/","title":{"rendered":"Eje 2: Simuladores y laboratorios para la ense\u00f1anza de carreras cient\u00edfico-tecnol\u00f3gicas"},"content":{"rendered":"\n<figure class=\"wp-block-table\"><table><tbody><tr><td>001<\/td><td><strong>Ense\u00f1anza remota de la impresi\u00f3n 3d. Primeros pasos para un laboratorio remoto<\/strong>. <br><em>Rampoldi, David Arturo. Garc\u00eda Cabrera, Jerem\u00edas. Irraz\u00e1bal, Emanuel Agust\u00edn (UNNE)<\/em><\/td><td><a href=\"http:\/\/exa.unne.edu.ar\/facena-virtual\/wp-content\/uploads\/2021\/08\/Eje-2-001-Rampoldi.pdf\" target=\"_blank\" rel=\"noreferrer noopener\">Ver poster<\/a><\/td><\/tr><tr><td>015<\/td><td><strong>Simuladores para la pr\u00e1ctica de laboratorios virtuales.<\/strong> <br><em>Merino, Carlos Alberto (UNNE)<\/em><\/td><td><\/td><\/tr><tr><td>016<\/td><td><strong>APP Web para la formaci\u00f3n y el entrenamiento de docentes en TIC: el caso de las carreras BIBES y LICAD, UNMdP.<\/strong> <br><em>Fern\u00e1ndez, Gladys. Gonz\u00e1lez, Alejandro. (UNMdP-UNLP)<\/em><\/td><td><a href=\"http:\/\/exa.unne.edu.ar\/facena-virtual\/wp-content\/uploads\/2021\/08\/EJE2-016-Fernandez_Gonz\u00e1lez.pdf\" target=\"_blank\" rel=\"noreferrer noopener\">Ver poster<\/a><\/td><\/tr><tr><td>027<\/td><td><strong>Laboratorio virtual de electr\u00f3nica b\u00e1sica para alumnos universitarios dentro de aula extendida.<\/strong> <br><em>Navarria, Leonardo. Gonz\u00e1lez, Alejandro. Zangara, Alejandra. (UNLP)<\/em><\/td><td><a href=\"http:\/\/exa.unne.edu.ar\/facena-virtual\/wp-content\/uploads\/2021\/08\/Eje-2-027-NavarriaLeonardo.pdf\" target=\"_blank\" rel=\"noreferrer noopener\">Ver poster<\/a><\/td><\/tr><tr><td>034<\/td><td><strong>Uso de un simulador en el dise\u00f1o de e-actividades en la asignatura Fisiolog\u00eda Humana.<\/strong> <br><em>Serrano, Claudia Patricia. Cristaldo, Daniel Osmar. Langton, Sof\u00eda Patricia. Gauna Pereira, Mar\u00eda del Carmen (UNNE)<\/em><\/td><td><a href=\"http:\/\/exa.unne.edu.ar\/facena-virtual\/wp-content\/uploads\/2021\/08\/EJE2-034-Serrano-Claudia.pdf\" target=\"_blank\" rel=\"noreferrer noopener\">Ver poster<\/a><\/td><\/tr><tr><td>042<\/td><td><strong>Ense\u00f1anza de contenidos \u00e1ulicos sobre redes inform\u00e1ticas en modalidad a distancia.<\/strong> <em>R\u00edos, Leopoldo Jose. Pioli, Santiago Luis. Zalazar, Rodrigo Ernesto. Bosco, Juan F. (UNNE)<\/em><strong><\/strong><\/td><td><\/td><\/tr><tr><td>045<\/td><td><strong>Implementaci\u00f3n de realidad aumentada en la Qu\u00edmica Org\u00e1nica.<\/strong> <br><em>Bustillo L\u00f3pez, Mario Fernando. Ferrer, Liliana. Videla, Silvina. Ohanian, Gabriela. (UNCuyo)<\/em><\/td><td><a href=\"http:\/\/exa.unne.edu.ar\/facena-virtual\/wp-content\/uploads\/2021\/08\/Eje2-045-Bustillo-Mario.pdf\" target=\"_blank\" rel=\"noreferrer noopener\">Ver poster<\/a><\/td><\/tr><tr><td>039<\/td><td><strong>Experiencia de ense\u00f1anza aprendizaje de pr\u00e1cticas no cl\u00ednicas en Odontolog\u00eda.<\/strong> <br><em>Preliasco, Mariana. Renou, Sandra. (UNRN)<\/em><\/td><td><a href=\"http:\/\/exa.unne.edu.ar\/facena-virtual\/wp-content\/uploads\/2021\/08\/Eje-2-039-Preliasco.pdf\" target=\"_blank\" rel=\"noreferrer noopener\">Ver poster<\/a><\/td><\/tr><\/tbody><\/table><\/figure>\n","protected":false},"excerpt":{"rendered":"<p>001 Ense\u00f1anza remota de la impresi\u00f3n 3d. Primeros pasos para un laboratorio remoto. Rampoldi, David Arturo. Garc\u00eda Cabrera, Jerem\u00edas. Irraz\u00e1bal, Emanuel Agust\u00edn (UNNE) Ver poster 015 Simuladores para la pr\u00e1ctica de laboratorios virtuales. Merino, Carlos Alberto (UNNE) 016 APP Web para la formaci\u00f3n y el entrenamiento de docentes en TIC: el caso de las carreras &hellip; <\/p>\n","protected":false},"author":1,"featured_media":0,"parent":0,"menu_order":0,"comment_status":"closed","ping_status":"closed","template":"","meta":{"_monsterinsights_skip_tracking":false,"_monsterinsights_sitenote_active":false,"_monsterinsights_sitenote_note":"","_monsterinsights_sitenote_category":0,"footnotes":""},"class_list":["post-795","page","type-page","status-publish","hentry"],"_links":{"self":[{"href":"http:\/\/exa.unne.edu.ar\/facena-virtual\/index.php\/wp-json\/wp\/v2\/pages\/795","targetHints":{"allow":["GET"]}}],"collection":[{"href":"http:\/\/exa.unne.edu.ar\/facena-virtual\/index.php\/wp-json\/wp\/v2\/pages"}],"about":[{"href":"http:\/\/exa.unne.edu.ar\/facena-virtual\/index.php\/wp-json\/wp\/v2\/types\/page"}],"author":[{"embeddable":true,"href":"http:\/\/exa.unne.edu.ar\/facena-virtual\/index.php\/wp-json\/wp\/v2\/users\/1"}],"replies":[{"embeddable":true,"href":"http:\/\/exa.unne.edu.ar\/facena-virtual\/index.php\/wp-json\/wp\/v2\/comments?post=795"}],"version-history":[{"count":2,"href":"http:\/\/exa.unne.edu.ar\/facena-virtual\/index.php\/wp-json\/wp\/v2\/pages\/795\/revisions"}],"predecessor-version":[{"id":834,"href":"http:\/\/exa.unne.edu.ar\/facena-virtual\/index.php\/wp-json\/wp\/v2\/pages\/795\/revisions\/834"}],"wp:attachment":[{"href":"http:\/\/exa.unne.edu.ar\/facena-virtual\/index.php\/wp-json\/wp\/v2\/media?parent=795"}],"curies":[{"name":"wp","href":"https:\/\/api.w.org\/{rel}","templated":true}]}}