{"id":775,"date":"2021-08-08T23:13:21","date_gmt":"2021-08-08T23:13:21","guid":{"rendered":"http:\/\/exa.unne.edu.ar\/facena-virtual\/?page_id=775"},"modified":"2021-08-13T12:02:01","modified_gmt":"2021-08-13T12:02:01","slug":"mesa-4-eje-1-estrategias-de-gestion-institucional-en-pandemia","status":"publish","type":"page","link":"http:\/\/exa.unne.edu.ar\/facena-virtual\/index.php\/mesa-4-eje-1-estrategias-de-gestion-institucional-en-pandemia\/","title":{"rendered":"Mesa 4 (Eje 1): Virtualizaci\u00f3n de pr\u00e1cticas pedag\u00f3gicas en el campo de las carreras cient\u00edfico-tecnol\u00f3gicas en pandemia."},"content":{"rendered":"\n<p><strong>Fecha y Hora:<\/strong> Viernes 13\/08 de 15 a 17 hs.<\/p>\n\n\n\n<p><strong>Modera: <\/strong>Prof. Esp. Edith Gorostegui<\/p>\n\n\n\n<p><strong>Exponen<\/strong>:<\/p>\n\n\n\n<p><\/p>\n\n\n\n<figure class=\"wp-block-table\"><table><tbody><tr><td>007<strong><\/strong><\/td><td><strong>Usabilidad motivacional en entornos virtuales de aprendizaje: mapeo sistem\u00e1tico de la literatura.<\/strong> <em>Caffetti, Yanina Andrea. Eckert, Karina Beatriz. Vera Laceiras, Mar\u00eda Silvia. <\/em><em>(UNaM)<\/em><strong><\/strong><\/td><td><a href=\"http:\/\/exa.unne.edu.ar\/facena-virtual\/wp-content\/uploads\/2021\/08\/EJE1-007-Caffetti-Eckert-Vera-Laceiras.pdf\" target=\"_blank\" rel=\"noreferrer noopener\">Ver poster<\/a><\/td><\/tr><tr><td>011<strong><\/strong><\/td><td><strong>La residencia docente del Profesorado en F\u00edsica en tiempos de pandemia.<\/strong> <em>Lucero, Irene. Cabanillas Mendoza, Cintia. Zalazar, Elida Mariana. (UNNE)<\/em><strong><\/strong><\/td><td><a href=\"http:\/\/exa.unne.edu.ar\/facena-virtual\/wp-content\/uploads\/2021\/08\/Eje-1-011-Lucero-Irene-La-residencia-docente.pdf\" target=\"_blank\" rel=\"noreferrer noopener\">Ver poster<\/a><\/td><\/tr><tr><td>017<strong><\/strong><\/td><td><strong>Los sistemas de representaci\u00f3n en ingenier\u00eda: pr\u00e1cticas de ense\u00f1anza en tiempos de la virtualidad.<\/strong> <em>Gavino, Sergio. Fuertes, Laura. Lopresti, Laura. Defranco, Gabriel (UNLP)<\/em><strong><\/strong><\/td><td><\/td><\/tr><tr><td>018<strong><\/strong><\/td><td><strong>Construcci\u00f3n colaborativa del dato en estudios documentol\u00f3gicos mediada por tecnolog\u00edas.<\/strong> <em>Bruquetas Correa, Emilia Gabriela. Garay Broggi, Jos\u00e9 Luis. (UNNE)<\/em><strong><\/strong><\/td><td><a href=\"http:\/\/exa.unne.edu.ar\/facena-virtual\/wp-content\/uploads\/2021\/08\/EJE1-018-Bruquetas-Correa-Emilia-Gabriela-1.pdf\">Ver poster<\/a><\/td><\/tr><tr><td>021<strong><\/strong><\/td><td><strong>Reforzando el punto de partida: Objeto de aprendizaje Ecuaciones con una inc\u00f3gnita.<\/strong> <em>Ferre, Natalia (UNLP)<\/em><strong><\/strong><\/td><td><a href=\"http:\/\/exa.unne.edu.ar\/facena-virtual\/wp-content\/uploads\/2021\/08\/EJE1-021-Poster-Ferr\u00e9-Natalia-ok.pdf\" target=\"_blank\" rel=\"noreferrer noopener\">Ver poster<\/a><\/td><\/tr><tr><td>030<strong><\/strong><\/td><td><strong>Estrategia metodol\u00f3gica de ense\u00f1anza remota de emergencia en un aula de matem\u00e1tica.<\/strong> <em>Teri, Virginia Alejandra. Benzal, Mar\u00eda Graciela (UNTu)<\/em><strong><\/strong><\/td><td><a href=\"http:\/\/exa.unne.edu.ar\/facena-virtual\/wp-content\/uploads\/2021\/08\/Eje1-030-TERI-Virginia.pdf\" target=\"_blank\" rel=\"noreferrer noopener\">Ver poster<\/a><\/td><\/tr><\/tbody><\/table><\/figure>\n\n\n\n<div class=\"wp-block-buttons is-layout-flex wp-block-buttons-is-layout-flex\">\n<div class=\"wp-block-button\"><a class=\"wp-block-button__link has-background has-vivid-red-background-color\" href=\"https:\/\/meet.google.com\/hft-pduj-hfo\" target=\"_blank\" rel=\"noreferrer noopener\">Ingrese haciendo click aqu\u00ed<\/a><\/div>\n<\/div>\n","protected":false},"excerpt":{"rendered":"<p>Fecha y Hora: Viernes 13\/08 de 15 a 17 hs. Modera: Prof. Esp. Edith Gorostegui Exponen: 007 Usabilidad motivacional en entornos virtuales de aprendizaje: mapeo sistem\u00e1tico de la literatura. Caffetti, Yanina Andrea. Eckert, Karina Beatriz. Vera Laceiras, Mar\u00eda Silvia. (UNaM) Ver poster 011 La residencia docente del Profesorado en F\u00edsica en tiempos de pandemia. Lucero, &hellip; <\/p>\n","protected":false},"author":1,"featured_media":0,"parent":0,"menu_order":0,"comment_status":"closed","ping_status":"closed","template":"","meta":{"_monsterinsights_skip_tracking":false,"_monsterinsights_sitenote_active":false,"_monsterinsights_sitenote_note":"","_monsterinsights_sitenote_category":0,"footnotes":""},"class_list":["post-775","page","type-page","status-publish","hentry"],"_links":{"self":[{"href":"http:\/\/exa.unne.edu.ar\/facena-virtual\/index.php\/wp-json\/wp\/v2\/pages\/775","targetHints":{"allow":["GET"]}}],"collection":[{"href":"http:\/\/exa.unne.edu.ar\/facena-virtual\/index.php\/wp-json\/wp\/v2\/pages"}],"about":[{"href":"http:\/\/exa.unne.edu.ar\/facena-virtual\/index.php\/wp-json\/wp\/v2\/types\/page"}],"author":[{"embeddable":true,"href":"http:\/\/exa.unne.edu.ar\/facena-virtual\/index.php\/wp-json\/wp\/v2\/users\/1"}],"replies":[{"embeddable":true,"href":"http:\/\/exa.unne.edu.ar\/facena-virtual\/index.php\/wp-json\/wp\/v2\/comments?post=775"}],"version-history":[{"count":6,"href":"http:\/\/exa.unne.edu.ar\/facena-virtual\/index.php\/wp-json\/wp\/v2\/pages\/775\/revisions"}],"predecessor-version":[{"id":917,"href":"http:\/\/exa.unne.edu.ar\/facena-virtual\/index.php\/wp-json\/wp\/v2\/pages\/775\/revisions\/917"}],"wp:attachment":[{"href":"http:\/\/exa.unne.edu.ar\/facena-virtual\/index.php\/wp-json\/wp\/v2\/media?parent=775"}],"curies":[{"name":"wp","href":"https:\/\/api.w.org\/{rel}","templated":true}]}}