{"id":772,"date":"2021-08-08T23:05:03","date_gmt":"2021-08-08T23:05:03","guid":{"rendered":"http:\/\/exa.unne.edu.ar\/facena-virtual\/?page_id=772"},"modified":"2021-08-10T17:14:45","modified_gmt":"2021-08-10T17:14:45","slug":"772-2","status":"publish","type":"page","link":"http:\/\/exa.unne.edu.ar\/facena-virtual\/index.php\/772-2\/","title":{"rendered":"Mesa 3 (Eje 1): Virtualizaci\u00f3n de pr\u00e1cticas pedag\u00f3gicas en el campo de las carreras cient\u00edfico-tecnol\u00f3gicas en pandemia."},"content":{"rendered":"\n<p><strong>Fecha y Hora:<\/strong> Viernes 13\/08 \u2013 15 a 17 horas<\/p>\n\n\n\n<p><strong>Modera: <\/strong>Prof. Esp. Marta Meza<\/p>\n\n\n\n<p><strong>Exponen<\/strong>:<\/p>\n\n\n\n<figure class=\"wp-block-table\"><table><tbody><tr><td>010<\/td><td><strong>Las e-actividades como herramientas en la ense\u00f1anza de Enfermer\u00eda.<\/strong> <em>Lunge, Nadia Vanesa. Lapinski, Sonia (UNaM)<\/em><strong><\/strong><\/td><td><a href=\"http:\/\/exa.unne.edu.ar\/facena-virtual\/wp-content\/uploads\/2021\/08\/EJE1-010-LUNGE-LAPINSKI.pdf\" target=\"_blank\" rel=\"noreferrer noopener\">Ver poster<\/a><\/td><\/tr><tr><td>014<\/td><td><strong>Ense\u00f1ar y aprender Fisiopatolog\u00eda en virtualidad.<\/strong> <em>Goicoechea, Patricia. Cesario, Macarena&nbsp;(UNNE<\/em>)<\/td><td><a href=\"http:\/\/exa.unne.edu.ar\/facena-virtual\/wp-content\/uploads\/2021\/08\/EJE1-014-Poster-Goicoechea-Patricia.pdf\">Ver poster<\/a><\/td><\/tr><tr><td>019<strong><\/strong><\/td><td><strong>Promoci\u00f3n de la salud en entornos virtuales.<\/strong> <em>Valent\u00edn, Mariela A., Osella, Ana Virginia. Gerlero, Carina Andrea. Montalto, Melisa Laura. (UNR)<\/em><strong><\/strong><\/td><td><a href=\"http:\/\/exa.unne.edu.ar\/facena-virtual\/wp-content\/uploads\/2021\/08\/EJE1-019-ValentinMariela.pdf\" target=\"_blank\" rel=\"noreferrer noopener\">Ver poster<\/a><\/td><\/tr><tr><td>023<strong><\/strong><\/td><td><strong>El desaf\u00edo de realizar talleres de casos cl\u00ednicos en virtualidad.<\/strong> <em>Cesario, Ang\u00e9lica Macarena. G\u00f3mez Capar\u00e1, Leyla, Goicoechea, Patricia Noem\u00ed. (UNNE)<\/em><strong><\/strong><\/td><td><a href=\"http:\/\/exa.unne.edu.ar\/facena-virtual\/wp-content\/uploads\/2021\/08\/EJE1-023-Poster-Cesario-G\u00f3mez-Capar\u00e1-Goicoechea.pdf\" target=\"_blank\" rel=\"noreferrer noopener\">Ver poster<\/a><\/td><\/tr><tr><td>033<strong><\/strong><\/td><td><strong>Aprendizaje de Salud Mental y Psiquiatr\u00eda a trav\u00e9s del aula inversa virtual. El caso de los estudiantes de la carrera de Medicina en 2020.<\/strong> <em>D\u00edaz, Juan Pablo. Larroza, Gerardo Omar. Almir\u00f3n, Lila Mercedes. Demuth Mercado, Patricia Bel\u00e9n (UNNE)<\/em><strong><\/strong><\/td><td><a href=\"http:\/\/exa.unne.edu.ar\/facena-virtual\/wp-content\/uploads\/2021\/08\/Eje1-033-D\u00edaz-Juan-Pablo.pdf\" target=\"_blank\" rel=\"noreferrer noopener\">Ver poster<\/a><\/td><\/tr><tr><td>038<strong><\/strong><\/td><td><strong>La Evaluaci\u00f3n Virtual en Ciencias de la Salud.<\/strong> <em>Tanevitch, Andrea Matilde. Abal, Adri\u00e1n Alejandro. Gonz\u00e1lez, Anabel Mariela. P\u00e9rez, Patricia Susana (UNLP)<\/em><strong><\/strong><\/td><td><a href=\"http:\/\/exa.unne.edu.ar\/facena-virtual\/wp-content\/uploads\/2021\/08\/EJE-1-038-Tanevitch-Andrea.pdf\" target=\"_blank\" rel=\"noreferrer noopener\">Ver poster<\/a><\/td><\/tr><\/tbody><\/table><\/figure>\n\n\n\n<div class=\"wp-block-buttons is-layout-flex wp-block-buttons-is-layout-flex\">\n<div class=\"wp-block-button\"><a class=\"wp-block-button__link has-background has-vivid-red-background-color\" href=\"https:\/\/meet.google.com\/ehy-oird-huw\" target=\"_blank\" rel=\"noreferrer noopener\">Ingrese haciendo click aqu\u00ed<\/a><\/div>\n<\/div>\n","protected":false},"excerpt":{"rendered":"<p>Fecha y Hora: Viernes 13\/08 \u2013 15 a 17 horas Modera: Prof. Esp. Marta Meza Exponen: 010 Las e-actividades como herramientas en la ense\u00f1anza de Enfermer\u00eda. Lunge, Nadia Vanesa. Lapinski, Sonia (UNaM) Ver poster 014 Ense\u00f1ar y aprender Fisiopatolog\u00eda en virtualidad. Goicoechea, Patricia. Cesario, Macarena&nbsp;(UNNE) Ver poster 019 Promoci\u00f3n de la salud en entornos virtuales. &hellip; <\/p>\n","protected":false},"author":1,"featured_media":0,"parent":0,"menu_order":0,"comment_status":"closed","ping_status":"closed","template":"","meta":{"_monsterinsights_skip_tracking":false,"_monsterinsights_sitenote_active":false,"_monsterinsights_sitenote_note":"","_monsterinsights_sitenote_category":0,"footnotes":""},"class_list":["post-772","page","type-page","status-publish","hentry"],"_links":{"self":[{"href":"http:\/\/exa.unne.edu.ar\/facena-virtual\/index.php\/wp-json\/wp\/v2\/pages\/772","targetHints":{"allow":["GET"]}}],"collection":[{"href":"http:\/\/exa.unne.edu.ar\/facena-virtual\/index.php\/wp-json\/wp\/v2\/pages"}],"about":[{"href":"http:\/\/exa.unne.edu.ar\/facena-virtual\/index.php\/wp-json\/wp\/v2\/types\/page"}],"author":[{"embeddable":true,"href":"http:\/\/exa.unne.edu.ar\/facena-virtual\/index.php\/wp-json\/wp\/v2\/users\/1"}],"replies":[{"embeddable":true,"href":"http:\/\/exa.unne.edu.ar\/facena-virtual\/index.php\/wp-json\/wp\/v2\/comments?post=772"}],"version-history":[{"count":4,"href":"http:\/\/exa.unne.edu.ar\/facena-virtual\/index.php\/wp-json\/wp\/v2\/pages\/772\/revisions"}],"predecessor-version":[{"id":898,"href":"http:\/\/exa.unne.edu.ar\/facena-virtual\/index.php\/wp-json\/wp\/v2\/pages\/772\/revisions\/898"}],"wp:attachment":[{"href":"http:\/\/exa.unne.edu.ar\/facena-virtual\/index.php\/wp-json\/wp\/v2\/media?parent=772"}],"curies":[{"name":"wp","href":"https:\/\/api.w.org\/{rel}","templated":true}]}}