{"id":759,"date":"2021-08-08T22:49:43","date_gmt":"2021-08-08T22:49:43","guid":{"rendered":"http:\/\/exa.unne.edu.ar\/facena-virtual\/?page_id=759"},"modified":"2021-08-13T13:34:45","modified_gmt":"2021-08-13T13:34:45","slug":"eje-3-virtualizacion-de-ofertas-de-posgrado-de-ciencias-experimentales","status":"publish","type":"page","link":"http:\/\/exa.unne.edu.ar\/facena-virtual\/index.php\/eje-3-virtualizacion-de-ofertas-de-posgrado-de-ciencias-experimentales\/","title":{"rendered":"EJE 3:  Virtualizaci\u00f3n de ofertas de posgrado de ciencias experimentales"},"content":{"rendered":"\n<p><strong>Fecha y Hora:<\/strong> Viernes 13\/08 \u2013 11 a 13 horas<\/p>\n\n\n\n<p><strong>Modera: <\/strong>Mgter. Gladys Dapozo<\/p>\n\n\n\n<p><strong>Exponen<\/strong>:<\/p>\n\n\n\n<figure class=\"wp-block-table\"><table><tbody><tr><td>008<\/td><td><strong>De lo presencial a la virtualidad:&nbsp; adaptaci\u00f3n de la carrera Especialidad en Cl\u00ednica de Animales de Compa\u00f1\u00eda a la ense\u00f1anza remota de emergencia<\/strong> <em>Amable, Valeria In\u00e9s. Cainzos, Romina Paola. Koscinczuk, Patricia. (UNNE)<\/em><\/td><td><a href=\"http:\/\/exa.unne.edu.ar\/facena-virtual\/wp-content\/uploads\/2021\/08\/EJE3-008-Amable-Valeria.pdf\" target=\"_blank\" rel=\"noreferrer noopener\">Ver poster<\/a><\/td><\/tr><tr><td>026<\/td><td><strong>Virtualizaci\u00f3n de cursos de Posgrado en el \u00e1rea de Bioqu\u00edmica Cl\u00ednica: experiencias 2015-2021. <\/strong><em>Ojeda, Gonzalo Adri\u00e1n. Fern\u00e1ndez, Anal\u00eda A. Langton, Sof\u00eda Patricia. Tejada, Rina Marina. Serrano, Claudia Patricia (UNNE)<\/em><\/td><td><a href=\"http:\/\/exa.unne.edu.ar\/facena-virtual\/wp-content\/uploads\/2021\/08\/EJE3-026-Serrano-Claudia.pdf\" target=\"_blank\" rel=\"noreferrer noopener\">Ver poster<\/a><\/td><\/tr><tr><td>029<\/td><td><strong>Experiencias en el desarrollo virtual de un trayecto de formaci\u00f3n de posgrado: Diplomatura Superior en Toxicolog\u00eda Legal y Forense<\/strong> <em>Ojeda, Gonzalo A. Filippis, Nadia.Ricciardi, Barbara.Camargo, Francisco. Torres, Ana M. (UNNE)<\/em><\/td><td><a href=\"http:\/\/exa.unne.edu.ar\/facena-virtual\/wp-content\/uploads\/2021\/08\/EJE3-029-Ojeda-Gonzalo.pdf\" target=\"_blank\" rel=\"noreferrer noopener\">Ver poster<\/a><\/td><\/tr><tr><td>035<\/td><td><strong>Hacia el codise\u00f1o de propuestas virtuales en el posgrado.<\/strong> <em>Fern\u00e1ndez, Mar\u00eda Graciela. Bechara Garralla, Mar\u00eda Silvina. Gonz\u00e1lez, Claudia Beatriz. Demuth Mercado, Patricia Bel\u00e9n. (UNNE)<\/em><\/td><td><a rel=\"noreferrer noopener\" href=\"http:\/\/exa.unne.edu.ar\/facena-virtual\/wp-content\/uploads\/2021\/08\/EJE3-Poster.pdf\" target=\"_blank\">Ver poster<\/a><\/td><\/tr><\/tbody><\/table><\/figure>\n\n\n\n<div class=\"wp-block-buttons is-layout-flex wp-block-buttons-is-layout-flex\">\n<div class=\"wp-block-button\"><a class=\"wp-block-button__link has-text-color has-very-light-gray-color has-background has-vivid-red-background-color\" href=\"https:\/\/meet.google.com\/puw-xwwg-pxi\" target=\"_blank\" rel=\"noreferrer noopener\">Ingrese haciendo click aqu\u00ed<\/a><\/div>\n<\/div>\n\n\n\n<p><\/p>\n","protected":false},"excerpt":{"rendered":"<p>Fecha y Hora: Viernes 13\/08 \u2013 11 a 13 horas Modera: Mgter. Gladys Dapozo Exponen: 008 De lo presencial a la virtualidad:&nbsp; adaptaci\u00f3n de la carrera Especialidad en Cl\u00ednica de Animales de Compa\u00f1\u00eda a la ense\u00f1anza remota de emergencia Amable, Valeria In\u00e9s. Cainzos, Romina Paola. Koscinczuk, Patricia. (UNNE) Ver poster 026 Virtualizaci\u00f3n de cursos de &hellip; <\/p>\n","protected":false},"author":1,"featured_media":0,"parent":0,"menu_order":0,"comment_status":"closed","ping_status":"closed","template":"","meta":{"_monsterinsights_skip_tracking":false,"_monsterinsights_sitenote_active":false,"_monsterinsights_sitenote_note":"","_monsterinsights_sitenote_category":0,"footnotes":""},"class_list":["post-759","page","type-page","status-publish","hentry"],"_links":{"self":[{"href":"http:\/\/exa.unne.edu.ar\/facena-virtual\/index.php\/wp-json\/wp\/v2\/pages\/759","targetHints":{"allow":["GET"]}}],"collection":[{"href":"http:\/\/exa.unne.edu.ar\/facena-virtual\/index.php\/wp-json\/wp\/v2\/pages"}],"about":[{"href":"http:\/\/exa.unne.edu.ar\/facena-virtual\/index.php\/wp-json\/wp\/v2\/types\/page"}],"author":[{"embeddable":true,"href":"http:\/\/exa.unne.edu.ar\/facena-virtual\/index.php\/wp-json\/wp\/v2\/users\/1"}],"replies":[{"embeddable":true,"href":"http:\/\/exa.unne.edu.ar\/facena-virtual\/index.php\/wp-json\/wp\/v2\/comments?post=759"}],"version-history":[{"count":4,"href":"http:\/\/exa.unne.edu.ar\/facena-virtual\/index.php\/wp-json\/wp\/v2\/pages\/759\/revisions"}],"predecessor-version":[{"id":920,"href":"http:\/\/exa.unne.edu.ar\/facena-virtual\/index.php\/wp-json\/wp\/v2\/pages\/759\/revisions\/920"}],"wp:attachment":[{"href":"http:\/\/exa.unne.edu.ar\/facena-virtual\/index.php\/wp-json\/wp\/v2\/media?parent=759"}],"curies":[{"name":"wp","href":"https:\/\/api.w.org\/{rel}","templated":true}]}}