{"id":739,"date":"2021-08-08T22:07:33","date_gmt":"2021-08-08T22:07:33","guid":{"rendered":"http:\/\/exa.unne.edu.ar\/facena-virtual\/?page_id=739"},"modified":"2021-08-12T14:58:21","modified_gmt":"2021-08-12T14:58:21","slug":"mesa-2-eje-1-virtualizacion-de-practicas-pedagogicas-en-el-campo-de-las-carreras-cientifico-tecnologicas-en-pandemia","status":"publish","type":"page","link":"http:\/\/exa.unne.edu.ar\/facena-virtual\/index.php\/mesa-2-eje-1-virtualizacion-de-practicas-pedagogicas-en-el-campo-de-las-carreras-cientifico-tecnologicas-en-pandemia\/","title":{"rendered":"Mesa 2 (Eje 1): Virtualizaci\u00f3n de pr\u00e1cticas pedag\u00f3gicas en el campo de las carreras cient\u00edfico-tecnol\u00f3gicas en pandemia."},"content":{"rendered":"\n<p><strong><br>Horario:<\/strong> Jueves 12\/08 \u2013 15 a 17 horas<\/p>\n\n\n\n<p><strong>Modera: <\/strong>Prof. \u00c9rika S\u00e1nchez<\/p>\n\n\n\n<p><strong>Exponen<\/strong>:<\/p>\n\n\n\n<figure class=\"wp-block-table\"><table><tbody><tr><td>004<\/td><td><strong>Estrategias adoptadas por docentes de un curso de F\u00edsica en tiempos de pandemia y su evaluaci\u00f3n.<\/strong> <em>Cleva, Mario Sergio. Schefer, Fernando Gustavo. Liska, Diego Orlando. (UTN-FRRe)<\/em><strong><\/strong><\/td><td><a href=\"http:\/\/exa.unne.edu.ar\/facena-virtual\/wp-content\/uploads\/2021\/08\/Eje1-004-CLEVA-mario.pdf\" target=\"_blank\" rel=\"noreferrer noopener\">Ver poster<\/a><\/td><\/tr><tr><td>005<\/td><td><strong>Reversionando los parciales de F\u00edsica At\u00f3mica para adaptarlos a la ense\u00f1anza remota.<\/strong> <em>Lucero, Irene. Delgado Ortiz, Mar\u00eda Eugenia. (UNNE)<\/em><strong><\/strong><\/td><td><a href=\"http:\/\/exa.unne.edu.ar\/facena-virtual\/wp-content\/uploads\/2021\/08\/Eje-1-005-Lucero-Irene-Reversionando-los-parciales.pdf\" target=\"_blank\" rel=\"noreferrer noopener\">Ver poster<\/a><\/td><\/tr><tr><td>006<\/td><td><strong>Estrategias para la comunicaci\u00f3n con los estudiantes de las actividades en la virtualidad aplicados en la asignatura Paleoinvertebrados.<\/strong> <em>Monferran, Mateo Daniel. Esp\u00edndola, Ver\u00f3nica. Sabater, Lara. (UNNE)<\/em><strong><\/strong><\/td><td><a href=\"http:\/\/exa.unne.edu.ar\/facena-virtual\/wp-content\/uploads\/2021\/08\/EJE1-006-Monferran-Mateo.pdf\" target=\"_blank\" rel=\"noreferrer noopener\">Ver poster<\/a><\/td><\/tr><tr><td>009<strong><\/strong><\/td><td><strong>Introducci\u00f3n a las Ciencias B\u00e1sicas en entorno virtual.<\/strong> <em>Vicent\u00edn, Mar\u00eda Gabriela. Amable, Valeria In\u00e9s. <\/em><em>Picot, Jos\u00e9 Augusto. Rosciani, Adriana Silvia. <\/em><em>(UNNE)<\/em><strong><\/strong><\/td><td><a href=\"http:\/\/exa.unne.edu.ar\/facena-virtual\/wp-content\/uploads\/2021\/08\/EJE1-009-Vicentin-Mar\u00eda-Gabriela.pdf\" target=\"_blank\" rel=\"noreferrer noopener\">Ver poster<\/a><\/td><\/tr><tr><td>024<\/td><td><strong>Aplicaciones cl\u00ednicas desde la Biolog\u00eda \u201cDe lo Macro a lo Micro\u201d.<\/strong> <em>Solana, Mar\u00eda Victoria. Felipe, Antonio Eduardo. Solana, Hugo Daniel. (UNCPBA)<\/em><\/td><td><a href=\"http:\/\/exa.unne.edu.ar\/facena-virtual\/wp-content\/uploads\/2021\/08\/EJE1-024-SOLANA-Mar\u00eda-Victoria.pdf\" target=\"_blank\" rel=\"noreferrer noopener\">Ver poster<\/a><\/td><\/tr><tr><td>031<\/td><td><strong>Desaf\u00edos en la ense\u00f1anza remota de emergencia, para el dictado de asignaturas con aprendizajes situados.<\/strong> <em>Durand, Rosa Sandra. Garc\u00eda, Daniel Dante. <\/em><em>Romero, Laura Anal\u00eda. (UNNE)<\/em><\/td><td><a href=\"http:\/\/exa.unne.edu.ar\/facena-virtual\/wp-content\/uploads\/2021\/08\/Eje-1-031-Durand-Rosa-Sandra.pdf\" target=\"_blank\" rel=\"noreferrer noopener\">Ver poster<\/a><\/td><\/tr><\/tbody><\/table><\/figure>\n\n\n\n<div class=\"wp-block-buttons is-layout-flex wp-block-buttons-is-layout-flex\">\n<div class=\"wp-block-button\"><a class=\"wp-block-button__link has-text-color has-very-light-gray-color has-background has-vivid-red-background-color\" href=\"https:\/\/meet.google.com\/izk-yuqg-hrs\" target=\"_blank\" rel=\"noreferrer noopener\">Ingrese haciendo click aqu\u00ed<\/a><\/div>\n<\/div>\n","protected":false},"excerpt":{"rendered":"<p>Horario: Jueves 12\/08 \u2013 15 a 17 horas Modera: Prof. \u00c9rika S\u00e1nchez Exponen: 004 Estrategias adoptadas por docentes de un curso de F\u00edsica en tiempos de pandemia y su evaluaci\u00f3n. Cleva, Mario Sergio. Schefer, Fernando Gustavo. Liska, Diego Orlando. (UTN-FRRe) Ver poster 005 Reversionando los parciales de F\u00edsica At\u00f3mica para adaptarlos a la ense\u00f1anza remota. &hellip; <\/p>\n","protected":false},"author":1,"featured_media":0,"parent":0,"menu_order":0,"comment_status":"closed","ping_status":"closed","template":"","meta":{"_monsterinsights_skip_tracking":false,"_monsterinsights_sitenote_active":false,"_monsterinsights_sitenote_note":"","_monsterinsights_sitenote_category":0,"footnotes":""},"class_list":["post-739","page","type-page","status-publish","hentry"],"_links":{"self":[{"href":"http:\/\/exa.unne.edu.ar\/facena-virtual\/index.php\/wp-json\/wp\/v2\/pages\/739","targetHints":{"allow":["GET"]}}],"collection":[{"href":"http:\/\/exa.unne.edu.ar\/facena-virtual\/index.php\/wp-json\/wp\/v2\/pages"}],"about":[{"href":"http:\/\/exa.unne.edu.ar\/facena-virtual\/index.php\/wp-json\/wp\/v2\/types\/page"}],"author":[{"embeddable":true,"href":"http:\/\/exa.unne.edu.ar\/facena-virtual\/index.php\/wp-json\/wp\/v2\/users\/1"}],"replies":[{"embeddable":true,"href":"http:\/\/exa.unne.edu.ar\/facena-virtual\/index.php\/wp-json\/wp\/v2\/comments?post=739"}],"version-history":[{"count":5,"href":"http:\/\/exa.unne.edu.ar\/facena-virtual\/index.php\/wp-json\/wp\/v2\/pages\/739\/revisions"}],"predecessor-version":[{"id":914,"href":"http:\/\/exa.unne.edu.ar\/facena-virtual\/index.php\/wp-json\/wp\/v2\/pages\/739\/revisions\/914"}],"wp:attachment":[{"href":"http:\/\/exa.unne.edu.ar\/facena-virtual\/index.php\/wp-json\/wp\/v2\/media?parent=739"}],"curies":[{"name":"wp","href":"https:\/\/api.w.org\/{rel}","templated":true}]}}