{"id":733,"date":"2021-08-08T21:57:26","date_gmt":"2021-08-08T21:57:26","guid":{"rendered":"http:\/\/exa.unne.edu.ar\/facena-virtual\/?page_id=733"},"modified":"2021-08-12T14:56:27","modified_gmt":"2021-08-12T14:56:27","slug":"mesa-1-eje-1-virtualizacion-de-practicas-pedagogicas-en-el-campo-de-las-carreras-cientifico-tecnologicas-en-pandemia","status":"publish","type":"page","link":"http:\/\/exa.unne.edu.ar\/facena-virtual\/index.php\/mesa-1-eje-1-virtualizacion-de-practicas-pedagogicas-en-el-campo-de-las-carreras-cientifico-tecnologicas-en-pandemia\/","title":{"rendered":"Mesa 1 (Eje 1): Virtualizaci\u00f3n de pr\u00e1cticas pedag\u00f3gicas en el campo de las carreras cient\u00edfico-tecnol\u00f3gicas en pandemia."},"content":{"rendered":"\n<p><strong>Horario:<\/strong> Jueves 12\/08 \u2013 15 a 17 horas<\/p>\n\n\n\n<p><strong><strong>Modera: <\/strong><\/strong>Dra. Ana Mar\u00eda Torres<\/p>\n\n\n\n<p><strong>Exponen<\/strong>:<\/p>\n\n\n\n<p><\/p>\n\n\n\n<figure class=\"wp-block-table\"><table><tbody><tr><td>002<\/td><td><strong>Utilizaci\u00f3n de TIC como una herramienta en el proceso ense\u00f1anza-aprendizaje en la asignatura Tecnolog\u00eda Farmac\u00e9utica I.<\/strong> <br><em>Lorenzo, Andrea. Asbene, Patricia. Kasem, Lucia. Carrascosa, Alejandro (UNTu)<\/em><\/td><td><a href=\"http:\/\/exa.unne.edu.ar\/facena-virtual\/wp-content\/uploads\/2021\/08\/Eje1-002-AsbenePatricia-Utilizaci\u00f3n-de-TIC-como-herramienta-1.pdf\" target=\"_blank\" rel=\"noreferrer noopener\">Ver poster<\/a><\/td><\/tr><tr><td>003<\/td><td><strong>Evaluaci\u00f3n de la implementaci\u00f3n del trabajo de campo y TIC como herramienta en el proceso ense\u00f1anza-aprendizaje en la asignatura Tecnolog\u00eda Farmac\u00e9utica I.<\/strong> <br><em>Lorenzo, Andrea. Asbene, Patricia. Kasem, Lucia. Ordonez, Adriana (UNTu)<\/em><\/td><td><a href=\"http:\/\/exa.unne.edu.ar\/facena-virtual\/wp-content\/uploads\/2021\/08\/Eje1-003-AsbenePatricia-Evaluaci\u00f3n-de-la-implementaci\u00f3n-del-Trabajo-de-Campo.pdf\" target=\"_blank\" rel=\"noreferrer noopener\">Ver poster<\/a><\/td><\/tr><tr><td>048<\/td><td><strong>Adaptaci\u00f3n de experimentos de laboratorio de qu\u00edmica para un curso en l\u00ednea<\/strong> <br><em>Chans, Guillermo Manuel. Bravo Guti\u00e9rrez, Mireille Evangelina, Orona N\u00e1var, Ang\u00e9lica<\/em> <em>S\u00e1nchez Rodr\u00edguez, Elvia Patricia. Tecnol\u00f3gico Monterrey (Mx)<\/em><\/td><td><a href=\"http:\/\/exa.unne.edu.ar\/facena-virtual\/wp-content\/uploads\/2021\/08\/Eje1-048-ChansGuillermo.pdf\" target=\"_blank\" rel=\"noreferrer noopener\">Ver poster<\/a><\/td><\/tr><tr><td>012<\/td><td><strong>Virtualizaci\u00f3n de las pr\u00e1cticas de ense\u00f1anza de la asignatura Histolog\u00eda para alumnos de la carrera de Bioqu\u00edmica.<\/strong> <br><em>Ajmat, Mar\u00eda Teresa. Tr\u00edbulo, Celeste. Torres Luque, Andrea. Medina, Mar\u00eda Fernanda (UNTu)<\/em><\/td><td><a href=\"http:\/\/exa.unne.edu.ar\/facena-virtual\/wp-content\/uploads\/2021\/08\/EJE1-012-Ajmat.pdf\">Ver poster<\/a><\/td><\/tr><tr><td>028<\/td><td><strong>La creatividad en el aprendizaje de Hemostasia en tiempos de pandemia.<\/strong> <br><em>Serrano, Claudia Patricia. Cristaldo, Daniel Osmar. Langton, Sof\u00eda Patricia. Gauna Pereira, Mar\u00eda del Carmen. (UNNE)<\/em><\/td><td><a href=\"http:\/\/exa.unne.edu.ar\/facena-virtual\/wp-content\/uploads\/2021\/08\/EJE1-028-Poster-Serrano-Claudia.pdf\" target=\"_blank\" rel=\"noreferrer noopener\">Ver poster<\/a><\/td><\/tr><tr><td>046<\/td><td><strong>Ense\u00f1anza remota de emergencia en el aula de Qu\u00edmica Org\u00e1nica<\/strong> <br><em>Ferrer, Liliana. Videla, Silvina. Ohanian, Gabriela, Bustillo, Mario. (UNCuyo)<\/em><\/td><td><a href=\"http:\/\/exa.unne.edu.ar\/facena-virtual\/wp-content\/uploads\/2021\/08\/EJE1-046-Ferrer-Liliana.pdf\" target=\"_blank\" rel=\"noreferrer noopener\">Ver poster<\/a><\/td><\/tr><\/tbody><\/table><\/figure>\n\n\n\n<div class=\"wp-block-buttons is-layout-flex wp-block-buttons-is-layout-flex\">\n<div class=\"wp-block-button\"><a class=\"wp-block-button__link has-text-color has-very-light-gray-color has-background has-vivid-red-background-color\" href=\"https:\/\/meet.google.com\/omd-ruqd-maq\" target=\"_blank\" rel=\"noreferrer noopener\">Ingrese haciendo click aqu\u00ed<\/a><\/div>\n<\/div>\n","protected":false},"excerpt":{"rendered":"<p>Horario: Jueves 12\/08 \u2013 15 a 17 horas Modera: Dra. Ana Mar\u00eda Torres Exponen: 002 Utilizaci\u00f3n de TIC como una herramienta en el proceso ense\u00f1anza-aprendizaje en la asignatura Tecnolog\u00eda Farmac\u00e9utica I. Lorenzo, Andrea. Asbene, Patricia. Kasem, Lucia. Carrascosa, Alejandro (UNTu) Ver poster 003 Evaluaci\u00f3n de la implementaci\u00f3n del trabajo de campo y TIC como herramienta &hellip; <\/p>\n","protected":false},"author":1,"featured_media":0,"parent":0,"menu_order":0,"comment_status":"closed","ping_status":"closed","template":"","meta":{"_monsterinsights_skip_tracking":false,"_monsterinsights_sitenote_active":false,"_monsterinsights_sitenote_note":"","_monsterinsights_sitenote_category":0,"footnotes":""},"class_list":["post-733","page","type-page","status-publish","hentry"],"_links":{"self":[{"href":"http:\/\/exa.unne.edu.ar\/facena-virtual\/index.php\/wp-json\/wp\/v2\/pages\/733","targetHints":{"allow":["GET"]}}],"collection":[{"href":"http:\/\/exa.unne.edu.ar\/facena-virtual\/index.php\/wp-json\/wp\/v2\/pages"}],"about":[{"href":"http:\/\/exa.unne.edu.ar\/facena-virtual\/index.php\/wp-json\/wp\/v2\/types\/page"}],"author":[{"embeddable":true,"href":"http:\/\/exa.unne.edu.ar\/facena-virtual\/index.php\/wp-json\/wp\/v2\/users\/1"}],"replies":[{"embeddable":true,"href":"http:\/\/exa.unne.edu.ar\/facena-virtual\/index.php\/wp-json\/wp\/v2\/comments?post=733"}],"version-history":[{"count":5,"href":"http:\/\/exa.unne.edu.ar\/facena-virtual\/index.php\/wp-json\/wp\/v2\/pages\/733\/revisions"}],"predecessor-version":[{"id":913,"href":"http:\/\/exa.unne.edu.ar\/facena-virtual\/index.php\/wp-json\/wp\/v2\/pages\/733\/revisions\/913"}],"wp:attachment":[{"href":"http:\/\/exa.unne.edu.ar\/facena-virtual\/index.php\/wp-json\/wp\/v2\/media?parent=733"}],"curies":[{"name":"wp","href":"https:\/\/api.w.org\/{rel}","templated":true}]}}