{"id":72,"date":"2021-02-10T11:51:05","date_gmt":"2021-02-10T11:51:05","guid":{"rendered":"http:\/\/facenavirtual.com.ar\/inicio\/?page_id=72"},"modified":"2024-05-28T16:24:36","modified_gmt":"2024-05-28T16:24:36","slug":"plataformas-de-videoconferencia","status":"publish","type":"page","link":"http:\/\/exa.unne.edu.ar\/facena-virtual\/index.php\/plataformas-de-videoconferencia\/","title":{"rendered":"Plataforma Moodle &#8211; Docentes"},"content":{"rendered":"\n<p style=\"font-size:18px\"><strong><span style=\"background-color:rgba(0, 0, 0, 0)\" class=\"has-inline-color has-vivid-red-color\">Plataforma Moodle<\/span><\/strong><\/p>\n\n\n\n<p>Las ofertas educativas bajo la opci\u00f3n a distancia de la FaCENA utilizan la plataforma institucional de la UNNE (Moodle) gestionada por el Programa UNNE Virtual.&nbsp;&nbsp;<\/p>\n\n\n\n<p>Se trata de dos plataformas Moodle (naranja y verde) alojadas en servidores de UNNE.<\/p>\n\n\n\n<p>La plataforma Moodle, es un sistema de gesti\u00f3n de cursos de c\u00f3digo abierto es valorizado por estar permanentemente activo, por la constante evoluci\u00f3n que presenta, por las diferentes posibilidades de matriculaci\u00f3n y personalizaci\u00f3n y por la autonom\u00eda en su gesti\u00f3n por parte de los usuarios.<\/p>\n\n\n\n<p>Adem\u00e1s, ofrece diversas alternativas para el acceso a materiales educativos, la producci\u00f3n colaborativa, la comunicaci\u00f3n e interacci\u00f3n sincr\u00f3nica y asincr\u00f3nica y recursos para distintas formas de evaluaci\u00f3n y acoplamiento de otras herramientas externas.<\/p>\n\n\n\n<p>En el video <a rel=\"noreferrer noopener\" href=\"https:\/\/www.youtube.com\/watch?v=AAT7oY9sW8I&amp;list=PLJRFWxcVv4UH7sfFtJH2kXhyoMnTilSBn\" target=\"_blank\">\u00bfPor qu\u00e9 usar la plataforma institucional de la UNNE?<\/a>&nbsp; se exponen brevemente algunos argumentos que hacen a las potencialidades de la misma. Uno de los m\u00e1s importantes es que la plataforma forma parte del&nbsp;<a href=\"https:\/\/virtual-moodle.unne.edu.ar\/mod\/resource\/view.php?id=217872\"><strong>Sistema Institucional de Educaci\u00f3n a Distancia de la UNNE<\/strong><\/a>, aprobado por el Consejo Superior de la UNNE y validado por CONEAU y la Secretaria de Pol\u00edticas Universitarias.<\/p>\n\n\n\n<p>Asimismo, las plataformas que integran el SIED, est\u00e1n amparadas por la&nbsp;<a href=\"http:\/\/exa.unne.edu.ar\/facena-virtual\/wp-content\/uploads\/2021\/02\/ResR-0315-19_LineamyParamCampusVirtual.pdf\" target=\"_blank\" rel=\"noreferrer noopener\">Resoluci\u00f3n N\u00ba 315\/19 R <\/a>que rige sobre la gesti\u00f3n, administraci\u00f3n y uso de la plataforma, previendo sanciones para aquellas acciones que pudieran afectar a otros usuarios, el software, la propiedad intelectual, entre otras conductas inapropiadas.<\/p>\n\n\n\n<p><\/p>\n\n\n\n<hr class=\"wp-block-separator has-css-opacity\"\/>\n\n\n\n<p><strong><span class=\"has-inline-color has-vivid-red-color\">\u00bfC\u00f3mo solicitar un aula virtual?<\/span><\/strong><\/p>\n\n\n\n<p>La plataforma virtual de la UNNE puede ser utilizada para toda actividad realizada enmarcada en las funciones de la universidad (ense\u00f1anza, investigaci\u00f3n, extensi\u00f3n, gesti\u00f3n).<\/p>\n\n\n\n<p>La solicitud se realiza siguiendo lo establecido en el \u201cSistema digital de Gesti\u00f3n de Aulas Virtuales\u201d aprobado por <a href=\"http:\/\/exa.unne.edu.ar\/facena-virtual\/wp-content\/uploads\/2021\/02\/RES-REC-4877-2017-SISTEMA_DIGITAL_DE_GESTION_DE_AULAS_VIRTUALES_EN_LA_PLATAFORMA_UNNE-1.pdf\" target=\"_blank\" rel=\"noreferrer noopener\">Resoluci\u00f3n N\u00b0 4877\/17 R<\/a>.<\/p>\n\n\n\n<p><strong>\u00bfCu\u00e1les son los pasos a seguir?<\/strong><\/p>\n\n\n\n<ol class=\"wp-block-list\">\n<li>Completar el siguiente <a href=\"https:\/\/virtual.unne.edu.ar\/2017\/sistema_uv\/aulas_virtuales\/form_aulas_virtuales_24.php\" target=\"_blank\" rel=\"noreferrer noopener\">formulario<\/a>, grabar y descargar el PDF.<\/li>\n\n\n\n<li>El o la responsable de la oferta deber\u00e1 enviar el PDF a la Lic. Mirta Fern\u00e1ndez, representante de FaCENA en la Comisi\u00f3n Central de Educaci\u00f3n Virtual al siguiente correo:  <a href=\"mailto:facenavirtual@exa.unne.edu.ar\">facenavirtual@exa.unne.edu.ar<\/a><\/li>\n\n\n\n<li>El equipo t\u00e9cnico de <strong>UNNE Virtual crea el aula<\/strong> y env\u00eda el aviso\u00a0al docente indicando la clave de automatriculaci\u00f3n para estudiantes.<br>Si se trata de la renovaci\u00f3n de un aula, UNNE Virtual replica el aula anterior (con todo su contenido y sin estudiantes) y asigna una nueva clave de automatriculaci\u00f3n.\u00a0<\/li>\n<\/ol>\n\n\n\n<p><strong>Preguntas frecuentes:<\/strong><\/p>\n\n\n\n<ol class=\"wp-block-list\">\n<li><em><strong>\u00bfEs necesario presentar la solicitud de aulas virtuales impresa por mesa de entradas? <\/strong><\/em>No, toda la gesti\u00f3n se realiza de manera digital.<\/li>\n\n\n\n<li><em><strong>Si ya tengo un aula virtual utilizada el a\u00f1o anterior \u00bfdebo volver a solicitarla?<\/strong><\/em> Si, dado que es necesario que quede el registro de la solicitud en la base de datos SIDIGAV, porque esto permite gestionar informaci\u00f3n de manera m\u00e1s eficiente a nivel del SIED, de la Facultad, de las carreras y de las propias c\u00e1tedras. Por ejemplo, en el caso de solicitar una constancia de uso del aula virtual.<\/li>\n\n\n\n<li><strong><em>\u00bfHay fechas establecidas para solicitar aulas virtuales? <\/em><\/strong>No, las aulas se pueden pedir en cualquier momento del a\u00f1o. Es importante hacerlo con anticipaci\u00f3n dado que el proceso puede llevar de una a dos semanas, dependiendo de la acumulaci\u00f3n de pedidos en UNNE Virtual.<\/li>\n\n\n\n<li><strong><em>\u00bfSe cierran las aulas virtuales?<\/em><\/strong> Las aulas permanecen habilitadas todo el tiempo que el equipo docente lo desee.<\/li>\n\n\n\n<li><strong><em>\u00bfSe puede ocultar un aula a los cursantes pero que siga visible para los docentes? <\/em><\/strong>Si, es una acci\u00f3n sencilla que se puede revertir en cualquier momento sin perder informaci\u00f3n.<\/li>\n<\/ol>\n\n\n\n<hr class=\"wp-block-separator has-css-opacity\"\/>\n\n\n\n<p><strong><span class=\"has-inline-color has-vivid-red-color\">Mesa de Ayuda de UNNE Virtual<\/span><\/strong><\/p>\n\n\n\n<p>El Programa UNNE Virtual cuenta con un sistema de asistencia a usuarios a trav\u00e9s de la <a href=\"https:\/\/virtual.unne.edu.ar\/SIED-UV\/uv\/unne-virtual\/mesa-de-ayuda\/\">Mesa de Ayuda<\/a>.<\/p>\n\n\n\n<p>Las consultas pueden realizarse a trav\u00e9s de las siguientes v\u00edas de comunicaci\u00f3n:<\/p>\n\n\n\n<p><strong>Por tel\u00e9fono<\/strong> al <strong>0800 444 8663<\/strong> de lunes a viernes de 8 a 12 hs. <br><em>Llamada gratuita desde tel\u00e9fonos fijos<\/em><\/p>\n\n\n\n<p><strong>Por E-mail<\/strong> a&nbsp;<a href=\"mailto:mesa.ayuda_uv@comunidad.unne.edu.ar\"><strong>mesa.ayuda_uv@comunidad.unne.edu.ar<\/strong><\/a><\/p>\n\n\n\n<p><strong>A trav\u00e9s del formulario de consultas<\/strong> haciendo <a href=\"https:\/\/virtual.unne.edu.ar\/2016\/mesa-ayuda\/mesa_ayuda.php\" target=\"_blank\" rel=\"noreferrer noopener\">click aqu\u00ed.<\/a><\/p>\n\n\n\n<p>Cualquiera sea el modo de contacto, para una mejor y m\u00e1s eficiente respuesta, es importante consignar <strong>claramente los datos del solicitante y el motivo<\/strong> de la consulta.<\/p>\n\n\n\n<p><strong>Preguntas frecuentes<\/strong>:<\/p>\n\n\n\n<p><strong><em>\u00bfQu\u00e9 tipo de consultas atiende la mesa de ayuda?<\/em><\/strong><\/p>\n\n\n\n<ul class=\"wp-block-list\">\n<li>Docentes y estudiantes: problemas de acceso (usuario y contrase\u00f1a) y navegaci\u00f3n en el aula virtual.<\/li>\n\n\n\n<li>Docentes: incorporaci\u00f3n de usuarios con perfil docente dificultades para utilizar alg\u00fan recurso, asesoramiento sobre el uso de la plataforma, etc.<\/li>\n<\/ul>\n\n\n\n<p><strong><em>\u00bfQu\u00e9 consultas<span style=\"background-color:rgba(0, 0, 0, 0)\" class=\"has-inline-color has-vivid-cyan-blue-color\"> <\/span><mark style=\"background-color:rgba(0, 0, 0, 0)\" class=\"has-inline-color has-vivid-red-color\">no responde<\/mark> la mesa de ayuda de UNNE Virtual?<\/em><\/strong><\/p>\n\n\n\n<ul class=\"wp-block-list\">\n<li><strong>Estudiantes:<\/strong> consultas disciplinares (contenidos de las materias o cursos, actividades encomendadas por un docente, etc.) o consultas referidas al SIU o consultas relativas a la inscripci\u00f3n a las carreras.<\/li>\n\n\n\n<li><strong>Consultas administrativas<\/strong> (inscripci\u00f3n o pago de aranceles correspondientes a cursos dictados por las Unidades Acad\u00e9micas). Estas deben realizarse a la coordinaci\u00f3n de cada oferta o a la Secretar\u00eda de Investigaci\u00f3n y Posgrado o a la Secretar\u00eda de Extensi\u00f3n de la FaCENA.<\/li>\n<\/ul>\n\n\n\n<div class=\"wp-block-buttons is-layout-flex wp-block-buttons-is-layout-flex\">\n<div class=\"wp-block-button has-custom-width wp-block-button__width-100 has-custom-font-size has-small-font-size\"><a class=\"wp-block-button__link has-white-color has-text-color has-background has-link-color wp-element-button\" href=\"https:\/\/virtual.unne.edu.ar\/SIED-UV\/uv\/guias\/uv-moodle-guias\/uv-moodle-guias-docente\/\" style=\"background-color:#6f1212\"><strong>Gu\u00eda para el uso de la plataforma Moodle UNNE Virtual<\/strong><\/a><\/div>\n<\/div>\n","protected":false},"excerpt":{"rendered":"<p>Plataforma Moodle Las ofertas educativas bajo la opci\u00f3n a distancia de la FaCENA utilizan la plataforma institucional de la UNNE (Moodle) gestionada por el Programa UNNE Virtual.&nbsp;&nbsp; Se trata de dos plataformas Moodle (naranja y verde) alojadas en servidores de UNNE. La plataforma Moodle, es un sistema de gesti\u00f3n de cursos de c\u00f3digo abierto es &hellip; <\/p>\n","protected":false},"author":1,"featured_media":0,"parent":0,"menu_order":0,"comment_status":"closed","ping_status":"closed","template":"","meta":{"_monsterinsights_skip_tracking":false,"_monsterinsights_sitenote_active":false,"_monsterinsights_sitenote_note":"","_monsterinsights_sitenote_category":0,"footnotes":""},"class_list":["post-72","page","type-page","status-publish","hentry"],"_links":{"self":[{"href":"http:\/\/exa.unne.edu.ar\/facena-virtual\/index.php\/wp-json\/wp\/v2\/pages\/72","targetHints":{"allow":["GET"]}}],"collection":[{"href":"http:\/\/exa.unne.edu.ar\/facena-virtual\/index.php\/wp-json\/wp\/v2\/pages"}],"about":[{"href":"http:\/\/exa.unne.edu.ar\/facena-virtual\/index.php\/wp-json\/wp\/v2\/types\/page"}],"author":[{"embeddable":true,"href":"http:\/\/exa.unne.edu.ar\/facena-virtual\/index.php\/wp-json\/wp\/v2\/users\/1"}],"replies":[{"embeddable":true,"href":"http:\/\/exa.unne.edu.ar\/facena-virtual\/index.php\/wp-json\/wp\/v2\/comments?post=72"}],"version-history":[{"count":1,"href":"http:\/\/exa.unne.edu.ar\/facena-virtual\/index.php\/wp-json\/wp\/v2\/pages\/72\/revisions"}],"predecessor-version":[{"id":1041,"href":"http:\/\/exa.unne.edu.ar\/facena-virtual\/index.php\/wp-json\/wp\/v2\/pages\/72\/revisions\/1041"}],"wp:attachment":[{"href":"http:\/\/exa.unne.edu.ar\/facena-virtual\/index.php\/wp-json\/wp\/v2\/media?parent=72"}],"curies":[{"name":"wp","href":"https:\/\/api.w.org\/{rel}","templated":true}]}}