{"id":531,"date":"2021-02-10T11:39:27","date_gmt":"2021-02-10T11:39:27","guid":{"rendered":"http:\/\/facenavirtual.com.ar\/inicio\/?page_id=26"},"modified":"2021-02-10T11:39:27","modified_gmt":"2021-02-10T11:39:27","slug":"inicio","status":"publish","type":"page","link":"http:\/\/exa.unne.edu.ar\/facena-virtual\/","title":{"rendered":"Inicio"},"content":{"rendered":"\n<p>El \u00c1rea de Educaci\u00f3n Virtual, dependiente de la Secretar\u00eda Acad\u00e9mica de la Facultad de Ciencias Exactas y Naturales y Agrimensura, forma parte del Sistema Institucional de Educaci\u00f3n a Distancia (SIED) de la de la Universidad Nacional del Nordeste.<\/p>\n\n\n\n<p><strong>L\u00edneas de acci\u00f3n:<\/strong><\/p>\n\n\n\n<ul class=\"wp-block-list\"><li>Capacitaci\u00f3n y asesoramiento a docentes y estudiantes.<\/li><li>Ofertas Acad\u00e9micas con modalidad virtual.<\/li><li>Gesti\u00f3n del conocimiento.<\/li><li>Comunicaci\u00f3n.<\/li><li>Articulaci\u00f3n con el Programa UNNE Virtual en la implementaci\u00f3n del SIED-UNNE.<\/li><\/ul>\n","protected":false},"excerpt":{"rendered":"<p>El \u00c1rea de Educaci\u00f3n Virtual, dependiente de la Secretar\u00eda Acad\u00e9mica de la Facultad de Ciencias Exactas y Naturales y Agrimensura, forma parte del Sistema Institucional de Educaci\u00f3n a Distancia (SIED) de la de la Universidad Nacional del Nordeste. L\u00edneas de acci\u00f3n: Capacitaci\u00f3n y asesoramiento a docentes y estudiantes. Ofertas Acad\u00e9micas con modalidad virtual. Gesti\u00f3n del &hellip; <\/p>\n","protected":false},"author":1,"featured_media":0,"parent":0,"menu_order":0,"comment_status":"closed","ping_status":"closed","template":"","meta":{"_monsterinsights_skip_tracking":false,"_monsterinsights_sitenote_active":false,"_monsterinsights_sitenote_note":"","_monsterinsights_sitenote_category":0,"footnotes":""},"class_list":["post-531","page","type-page","status-publish","hentry"],"_links":{"self":[{"href":"http:\/\/exa.unne.edu.ar\/facena-virtual\/index.php\/wp-json\/wp\/v2\/pages\/531","targetHints":{"allow":["GET"]}}],"collection":[{"href":"http:\/\/exa.unne.edu.ar\/facena-virtual\/index.php\/wp-json\/wp\/v2\/pages"}],"about":[{"href":"http:\/\/exa.unne.edu.ar\/facena-virtual\/index.php\/wp-json\/wp\/v2\/types\/page"}],"author":[{"embeddable":true,"href":"http:\/\/exa.unne.edu.ar\/facena-virtual\/index.php\/wp-json\/wp\/v2\/users\/1"}],"replies":[{"embeddable":true,"href":"http:\/\/exa.unne.edu.ar\/facena-virtual\/index.php\/wp-json\/wp\/v2\/comments?post=531"}],"version-history":[{"count":0,"href":"http:\/\/exa.unne.edu.ar\/facena-virtual\/index.php\/wp-json\/wp\/v2\/pages\/531\/revisions"}],"wp:attachment":[{"href":"http:\/\/exa.unne.edu.ar\/facena-virtual\/index.php\/wp-json\/wp\/v2\/media?parent=531"}],"curies":[{"name":"wp","href":"https:\/\/api.w.org\/{rel}","templated":true}]}}