{"id":375,"date":"2021-02-18T13:08:22","date_gmt":"2021-02-18T13:08:22","guid":{"rendered":"http:\/\/facenavirtual.com.ar\/inicio\/?page_id=375"},"modified":"2021-02-18T13:08:22","modified_gmt":"2021-02-18T13:08:22","slug":"proyectos-de-carreras-a-distancia","status":"publish","type":"page","link":"http:\/\/exa.unne.edu.ar\/facena-virtual\/index.php\/proyectos-de-carreras-a-distancia\/","title":{"rendered":"Proyectos de carreras a Distancia"},"content":{"rendered":"\n<p>La Universidad Nacional del Nordeste prev\u00e9 tres tipos de carreras de posgrado: especializaciones, maestr\u00edas y doctorados. Estas carreras son acreditadas por la Comisi\u00f3n Nacional de Evaluaci\u00f3n y Acreditaci\u00f3n Universitaria (CONEAU) y los t\u00edtulos emitidos cuentan con el reconocimiento oficial otorgado por el Ministerio de Educaci\u00f3n de la Naci\u00f3n.<\/p>\n\n\n\n<p>La modalidad de implementaci\u00f3n puede ser: Presencial o A distancia. Esta \u00faltima requiere que la cantidad de horas no presenciales supere el cincuenta por ciento (50%) de la carga horaria total prevista en el respectivo plan de estudios. El porcentual se aplicar\u00e1 sobre la carga horaria total de cursos de la carrera, sin incluir las horas correspondientes al desarrollo del trabajo final o tesis.<\/p>\n\n\n\n<p>Las carreras de posgrado en las que la cantidad de horas no presenciales constituya el 30% o m\u00e1s de la carga horaria total del plan de estudios deber\u00e1n someter a evaluaci\u00f3n el Sistema Institucional de Educaci\u00f3n a Distancia (SIED).<\/p>\n\n\n\n<p>El proyecto de carrera de posgrado que ser\u00e1 presentado para su aprobaci\u00f3n ante el Consejo Directivo y, luego, del Consejo Superior, contemplar\u00e1 tres componentes: &nbsp;<\/p>\n\n\n\n<ol class=\"wp-block-list\" type=\"1\"><li>Plan de estudio<\/li><li>Estructura de gesti\u00f3n acad\u00e9mica y Cuerpo docente<\/li><li>Reglamento de funcionamiento<\/li><\/ol>\n\n\n\n<p>En el sitio de la <a href=\"http:\/\/posgrado.unne.edu.ar\/carreras\" data-type=\"URL\" data-id=\"http:\/\/posgrado.unne.edu.ar\/carreras\" target=\"_blank\" rel=\"noreferrer noopener\">Secretaria General de Posgrado <\/a>(UNNE) encontrar\u00e1n la normativa correspondiente y, tambi\u00e9n, orientaciones para quienes se encuentren desarrollando un proyecto de carrera de posgrado.<\/p>\n\n\n\n<p>Los equipos docentes de la FACENA que precisen asesoramiento:<\/p>\n\n\n\n<ul class=\"wp-block-list\"><li>Sobre carreras de posgrado, pueden contactar a la Secretar\u00eda de Investigaci\u00f3n y Posgrado de la FaCENA: <a href=\"mailto:sip.facena@comunidad.unne.edu.ar\">sip.facena@comunidad.unne.edu.ar<\/a><\/li><li>Sobre aspectos relacionados con la opci\u00f3n a distancia, pueden contactar al \u00c1rea de Educaci\u00f3n Virtual: &nbsp;coordinaci\u00f3n.facena.virtual@gmail.com<\/li><\/ul>\n","protected":false},"excerpt":{"rendered":"<p>La Universidad Nacional del Nordeste prev\u00e9 tres tipos de carreras de posgrado: especializaciones, maestr\u00edas y doctorados. Estas carreras son acreditadas por la Comisi\u00f3n Nacional de Evaluaci\u00f3n y Acreditaci\u00f3n Universitaria (CONEAU) y los t\u00edtulos emitidos cuentan con el reconocimiento oficial otorgado por el Ministerio de Educaci\u00f3n de la Naci\u00f3n. La modalidad de implementaci\u00f3n puede ser: Presencial &hellip; <\/p>\n","protected":false},"author":1,"featured_media":0,"parent":0,"menu_order":0,"comment_status":"closed","ping_status":"closed","template":"","meta":{"_monsterinsights_skip_tracking":false,"_monsterinsights_sitenote_active":false,"_monsterinsights_sitenote_note":"","_monsterinsights_sitenote_category":0,"footnotes":""},"class_list":["post-375","page","type-page","status-publish","hentry"],"_links":{"self":[{"href":"http:\/\/exa.unne.edu.ar\/facena-virtual\/index.php\/wp-json\/wp\/v2\/pages\/375","targetHints":{"allow":["GET"]}}],"collection":[{"href":"http:\/\/exa.unne.edu.ar\/facena-virtual\/index.php\/wp-json\/wp\/v2\/pages"}],"about":[{"href":"http:\/\/exa.unne.edu.ar\/facena-virtual\/index.php\/wp-json\/wp\/v2\/types\/page"}],"author":[{"embeddable":true,"href":"http:\/\/exa.unne.edu.ar\/facena-virtual\/index.php\/wp-json\/wp\/v2\/users\/1"}],"replies":[{"embeddable":true,"href":"http:\/\/exa.unne.edu.ar\/facena-virtual\/index.php\/wp-json\/wp\/v2\/comments?post=375"}],"version-history":[{"count":0,"href":"http:\/\/exa.unne.edu.ar\/facena-virtual\/index.php\/wp-json\/wp\/v2\/pages\/375\/revisions"}],"wp:attachment":[{"href":"http:\/\/exa.unne.edu.ar\/facena-virtual\/index.php\/wp-json\/wp\/v2\/media?parent=375"}],"curies":[{"name":"wp","href":"https:\/\/api.w.org\/{rel}","templated":true}]}}