{"id":334,"date":"2021-02-18T11:56:08","date_gmt":"2021-02-18T11:56:08","guid":{"rendered":"http:\/\/facenavirtual.com.ar\/inicio\/?page_id=334"},"modified":"2021-02-18T11:56:08","modified_gmt":"2021-02-18T11:56:08","slug":"evaluacion-en-linea","status":"publish","type":"page","link":"http:\/\/exa.unne.edu.ar\/facena-virtual\/index.php\/evaluacion-en-linea\/","title":{"rendered":"Evaluaci\u00f3n en l\u00ednea"},"content":{"rendered":"\n<p>La evaluaci\u00f3n es un componente \u00edntimamente integrado a las&nbsp;pr\u00e1cticas de ense\u00f1anza, acompa\u00f1a y apoya todo el proceso y no solo un momento espec\u00edfico que ocurre al final.<\/p>\n\n\n\n<p>La evaluaci\u00f3n se desarrolla en un proceso continuo, cumple con diversas funciones y brinda un abanico de&nbsp;informaci\u00f3n a todos los actores del proceso&nbsp;(docentes y estudiantes). De acuerdo a los momentos y las necesidades de informaci\u00f3n se pueden identificar distintos <em>tipos de evaluaci\u00f3n<\/em>:<\/p>\n\n\n\n<div class=\"wp-block-columns is-layout-flex wp-container-core-columns-is-layout-9d6595d7 wp-block-columns-is-layout-flex\">\n<div class=\"wp-block-column is-layout-flow wp-block-column-is-layout-flow\">\n<p class=\"has-text-align-center\"><strong><span class=\"has-inline-color has-vivid-red-color\">Diagn\u00f3stica<\/span><\/strong><\/p>\n\n\n\n<ul class=\"wp-block-list\"><li>\u00bfQu\u00e9 saben los estudiantes sobre un tema o campo disciplinar?<\/li><li>\u00bfC\u00f3mo lo aprendieron<\/li><\/ul>\n<\/div>\n\n\n\n<div class=\"wp-block-column is-layout-flow wp-block-column-is-layout-flow\">\n<p class=\"has-text-align-center\"><strong><span class=\"has-inline-color has-vivid-red-color\">Formativa<\/span><\/strong><\/p>\n\n\n\n<ul class=\"wp-block-list\"><li>Progreso del estudiante<\/li><li>Caracter\u00edsticas de los estudiantes<\/li><li>Identificar dificultades<\/li><li>Reorientar estudiantes y Docentes<\/li><\/ul>\n<\/div>\n\n\n\n<div class=\"wp-block-column is-layout-flow wp-block-column-is-layout-flow\">\n<p class=\"has-text-align-center\"><span class=\"has-inline-color has-vivid-red-color\"><strong>Sumativa<\/strong><\/span><\/p>\n\n\n\n<ul class=\"wp-block-list\"><li>Recupera\/ aplica conceptos. <\/li><li>Identifica logros<\/li><li>Integra contenidos.<\/li><li>Califica \/ acredita en funci\u00f3n de criterios establecidos de antemano.<\/li><\/ul>\n<\/div>\n<\/div>\n\n\n\n<p>El equipo docente deber\u00e1 definir qu\u00e9 tipos de aprendizajes&nbsp;se quieren evaluar, que, l\u00f3gicamente, ser\u00e1n aquellos&nbsp;que se desarrollaron&nbsp;y se supone que&nbsp;fueron aprendidos por los alumnos&nbsp;en un proceso de mutua negociaci\u00f3n entre los diferentes actores involucrados.<\/p>\n\n\n\n<p>Las siguientes preguntas orientan la toma de decisiones del equipo docente:<\/p>\n\n\n\n<ul class=\"wp-block-list\"><li>\u00bfPara qu\u00e9 evaluar?<\/li><li>\u00bfQui\u00e9n eval\u00faa? \u00bfs\u00f3lo los docentes?<\/li><li>\u00bfQu\u00e9 aspectos, qu\u00e9 contenidos?<\/li><li>\u00bfCu\u00e1les ser\u00e1n los criterios de evaluaci\u00f3n?<\/li><li>\u00bfC\u00f3mo? Instrumentos, t\u00e9cnicas y estrategias<\/li><li>\u00bfCu\u00e1ndo? Momentos, cronograma<\/li><\/ul>\n\n\n\n<p>\u00bfPueden los modelos de evaluaci\u00f3n tradicionales transferirse directamente al ambiente en l\u00ednea, o se necesitan nuevas formas de explicaci\u00f3n de los prop\u00f3sitos y formas de la evaluaci\u00f3n?<\/p>\n\n\n\n<p>A continuaci\u00f3n, se proponen algunos&nbsp;ejemplos de instrumentos&nbsp;de evaluaci\u00f3n organizados seg\u00fan algunos criterios utilizados en la modalidad presencial.<\/p>\n\n\n\n<div class=\"wp-block-columns is-layout-flex wp-container-core-columns-is-layout-9d6595d7 wp-block-columns-is-layout-flex\">\n<div class=\"wp-block-column is-layout-flow wp-block-column-is-layout-flow\">\n<p class=\"has-text-align-center has-vivid-red-color has-white-background-color has-text-color has-background\" style=\"font-size:17px\"><strong>Individual<\/strong><\/p>\n\n\n\n<ul class=\"wp-block-list\"><li>Foro<\/li><li>Informe<\/li><li>Cuestionarios (con diferentes tipos de preguntas)<\/li><\/ul>\n\n\n\n<p><\/p>\n<\/div>\n\n\n\n<div class=\"wp-block-column is-layout-flow wp-block-column-is-layout-flow\">\n<p class=\"has-text-align-center has-vivid-red-color has-white-background-color has-text-color has-background\" style=\"font-size:17px\"><strong>Grupo<\/strong><\/p>\n\n\n\n<ul class=\"wp-block-list\"><li>Wiki<\/li><li>Informe<\/li><li>An\u00e1lisis de caso<\/li><li>Resoluci\u00f3n de problemas<\/li><li>Formulaci\u00f3n de problemas<\/li><\/ul>\n\n\n\n<p><\/p>\n<\/div>\n<\/div>\n\n\n\n<div class=\"wp-block-columns is-layout-flex wp-container-core-columns-is-layout-9d6595d7 wp-block-columns-is-layout-flex\">\n<div class=\"wp-block-column is-layout-flow wp-block-column-is-layout-flow\">\n<p class=\"has-text-align-center\" style=\"font-size:17px\"><strong><span class=\"has-inline-color has-vivid-red-color\">Escrita<\/span><\/strong><\/p>\n\n\n\n<ul class=\"wp-block-list\"><li>Informe monogr\u00e1fico <\/li><li>Gu\u00eda de preguntas<\/li><li>Ejercicios<\/li><\/ul>\n\n\n\n<p><\/p>\n<\/div>\n\n\n\n<div class=\"wp-block-column is-layout-flow wp-block-column-is-layout-flow\">\n<p class=\"has-text-align-center\" style=\"font-size:17px\"><strong><span class=\"has-inline-color has-vivid-red-color\">Oral<\/span><\/strong><\/p>\n\n\n\n<ul class=\"wp-block-list\"><li>Defensa de una o m\u00e1s producciones<\/li><li>Exposici\u00f3n<\/li><li>Formular preguntas<\/li><li>Responder preguntas<\/li><li>Podcast<\/li><\/ul>\n<\/div>\n<\/div>\n\n\n\n<div class=\"wp-block-columns is-layout-flex wp-container-core-columns-is-layout-9d6595d7 wp-block-columns-is-layout-flex\">\n<div class=\"wp-block-column is-layout-flow wp-block-column-is-layout-flow\">\n<p class=\"has-text-align-center\"><strong><span class=\"has-inline-color has-vivid-red-color\">Sincr\u00f3nica<\/span><\/strong><\/p>\n\n\n\n<ul class=\"wp-block-list\"><li>Chat<\/li><li>Videoconferencia<\/li><li>Cuestionario<\/li><\/ul>\n<\/div>\n\n\n\n<div class=\"wp-block-column is-layout-flow wp-block-column-is-layout-flow\">\n<p class=\"has-text-align-center\"><strong><span class=\"has-inline-color has-vivid-red-color\">Asincr\u00f3nica<\/span><\/strong><\/p>\n\n\n\n<ul class=\"wp-block-list\"><li>Tarea\/env\u00edo de archivos en diferentes formatos<\/li><li>Wiki<\/li><li>Glosario<\/li><li>Foros<\/li><\/ul>\n<\/div>\n<\/div>\n\n\n\n<p>Respecto de las condiciones de <strong>confiabilidad y validez<\/strong> de las instancias de evaluaci\u00f3n, seg\u00fan la Red Universitaria de Educaci\u00f3n a Distancia (2020), estas se garantizan <em>\u00aba partir de la&nbsp;triangulaci\u00f3n de las diferentes dimensiones&nbsp;referidas a la funcionalidad (evaluaciones sumativas y formativas),&nbsp;temporalidad&nbsp;(de inicio, proceso y final) y&nbsp;diversidad de agentes&nbsp;implicados (autoevaluaciones, coevaluaciones y heteroevaluaciones).&nbsp;Entendemos a la validez como la relaci\u00f3n que ha de existir entre el desarrollo te\u00f3rico de un campo disciplinar y las estrategias de evaluaci\u00f3n utilizadas.\u00bb&nbsp;<\/em><\/p>\n\n\n\n<p><strong>Recomendaciones:&nbsp;<\/strong><\/p>\n\n\n\n<ul class=\"wp-block-list\"><li>Los estudiantes deben conocer con anticipaci\u00f3n qu\u00e9, c\u00f3mo, cu\u00e1ndo y bajo qu\u00e9 criterios ser\u00e1 valorado y calificado su aprendizaje.<\/li><li>El equipo docente deber\u00e1 resguardar la documentaci\u00f3n que acredite los distintos tipos de evaluaci\u00f3n y las producciones de los estudiantes, especialmente en los casos en que no utilice la plataforma Moodle.<\/li><li>Se recomienda considerar las calificaciones como resultado de la evaluaci\u00f3n de los procesos de aprendizaje y el cumplimiento de actividades propuestas.<\/li><li>Se deben prever alternativas frente a la posibilidad de que los estudiantes no puedan acceder a las plataformas virtuales.<\/li><li>Tener en cuenta que los estudiantes cursan simult\u00e1neamente otras asignaturas con las consecuentes obligaciones para cada una de ellas.<\/li><li>Realizar el seguimiento de la comprensi\u00f3n progresiva de contenidos, sus avances, sus obst\u00e1culos, para detectar y reorientar el desarrollo de las actividades.<\/li><li>Ejercer un adecuado rol tutorial, acompa\u00f1ando las interacciones y los intercambios de los estudiantes (moderar foros, responder consultas, etc.).<\/li><li>Brindar retroalimentaci\u00f3n en las actividades y\/o evaluaciones propuestas.<\/li><\/ul>\n\n\n\n<p><strong><span class=\"has-inline-color has-vivid-red-color\">Tutoriales y videos explicativos sobre recursos y actividades para evaluar producidos por el \u00c1rea Virtual de FaCENA &nbsp;<\/span><\/strong><\/p>\n\n\n\n<p><strong>Videos producidos en el marco del ciclo de Webinarios Herramientas para la ense\u00f1anza y la evaluaci\u00f3n mediada por TIC:<\/strong><\/p>\n\n\n\n<p><strong><em>Cuestionario<\/em><\/strong><\/p>\n\n\n\n<figure class=\"wp-block-embed is-type-video is-provider-youtube wp-block-embed-youtube wp-embed-aspect-16-9 wp-has-aspect-ratio\"><div class=\"wp-block-embed__wrapper\">\n<iframe title=\"8. Dise\u00f1o de cuestionarios en Moodle\" width=\"1020\" height=\"574\" src=\"https:\/\/www.youtube.com\/embed\/O6RJ5Jf9QGQ?list=PLJRFWxcVv4UHuNPvitBOir4kwv7sKBLTL\" frameborder=\"0\" allow=\"accelerometer; autoplay; clipboard-write; encrypted-media; gyroscope; picture-in-picture\" allowfullscreen><\/iframe>\n<\/div><\/figure>\n\n\n\n<p><strong><em>Wiki<\/em> y Glosario<\/strong><\/p>\n\n\n\n<figure class=\"wp-block-embed is-type-video is-provider-youtube wp-block-embed-youtube wp-embed-aspect-16-9 wp-has-aspect-ratio\"><div class=\"wp-block-embed__wrapper\">\n<iframe title=\"7. Herramientas colaborativas en Moodle: wiki, glosario\" width=\"1020\" height=\"574\" src=\"https:\/\/www.youtube.com\/embed\/u8WwphlH4pg?list=PLJRFWxcVv4UHuNPvitBOir4kwv7sKBLTL\" frameborder=\"0\" allow=\"accelerometer; autoplay; clipboard-write; encrypted-media; gyroscope; picture-in-picture\" allowfullscreen><\/iframe>\n<\/div><\/figure>\n\n\n\n<p><strong><em>Mapas mentales<\/em><\/strong><\/p>\n\n\n\n<figure class=\"wp-block-embed is-type-video is-provider-youtube wp-block-embed-youtube wp-embed-aspect-16-9 wp-has-aspect-ratio\"><div class=\"wp-block-embed__wrapper\">\n<iframe title=\"6. Mapas mentales como instrumentos de aprendizaje y evaluaci\u00f3n\" width=\"1020\" height=\"574\" src=\"https:\/\/www.youtube.com\/embed\/I7www9owWhM?list=PLJRFWxcVv4UHuNPvitBOir4kwv7sKBLTL\" frameborder=\"0\" allow=\"accelerometer; autoplay; clipboard-write; encrypted-media; gyroscope; picture-in-picture\" allowfullscreen><\/iframe>\n<\/div><\/figure>\n\n\n\n<p><strong><em>Portafolio o e-portfolio&nbsp;<\/em><\/strong><\/p>\n\n\n\n<figure class=\"wp-block-embed is-type-video is-provider-youtube wp-block-embed-youtube wp-embed-aspect-16-9 wp-has-aspect-ratio\"><div class=\"wp-block-embed__wrapper\">\n<iframe title=\"10. El E-Portafolio como instrumento de Evaluaci\u00f3n\" width=\"1020\" height=\"574\" src=\"https:\/\/www.youtube.com\/embed\/vKmolF2wUK4?list=PLJRFWxcVv4UHuNPvitBOir4kwv7sKBLTL\" frameborder=\"0\" allow=\"accelerometer; autoplay; clipboard-write; encrypted-media; gyroscope; picture-in-picture\" allowfullscreen><\/iframe>\n<\/div><\/figure>\n\n\n\n<p><strong><span class=\"has-inline-color has-black-color\">Evaluaci\u00f3n en l\u00ednea<\/span><\/strong><br><em>Clase de la Mgter. Mercedes Mart\u00edn en el marco del curso \u201cVirtualizaci\u00f3n de clases y evaluaci\u00f3n en l\u00ednea\u201d organizado por la FaCENA.<\/em><\/p>\n\n\n\n<figure class=\"wp-block-embed is-type-video is-provider-youtube wp-block-embed-youtube wp-embed-aspect-16-9 wp-has-aspect-ratio\"><div class=\"wp-block-embed__wrapper\">\n<iframe title=\"Virtualizaci\u00f3n de Clases y Evaluaci\u00f3n en L\u00ednea: segundo encuentro\" width=\"1020\" height=\"574\" src=\"https:\/\/www.youtube.com\/embed\/0-meP9j-Ieo?list=PLJRFWxcVv4UEY2o1mvYM9dg4xyIH39cnr\" frameborder=\"0\" allow=\"accelerometer; autoplay; clipboard-write; encrypted-media; gyroscope; picture-in-picture\" allowfullscreen><\/iframe>\n<\/div><\/figure>\n\n\n\n<p><strong>Experiencias de docentes de FaCENA<\/strong><\/p>\n\n\n\n<figure class=\"wp-block-embed is-type-video is-provider-youtube wp-block-embed-youtube wp-embed-aspect-16-9 wp-has-aspect-ratio\"><div class=\"wp-block-embed__wrapper\">\n<iframe title=\"Webinarios &quot;Experiencias de ense\u00f1anza remota en FACENA&quot;\" width=\"1020\" height=\"574\" src=\"https:\/\/www.youtube.com\/embed\/videoseries?list=PLJRFWxcVv4UGpnKAA4UgDf1TxcugvVbj6\" frameborder=\"0\" allow=\"accelerometer; autoplay; clipboard-write; encrypted-media; gyroscope; picture-in-picture\" allowfullscreen><\/iframe>\n<\/div><\/figure>\n\n\n\n<div class=\"wp-block-buttons aligncenter is-layout-flex wp-block-buttons-is-layout-flex\">\n<div class=\"wp-block-button\"><a class=\"wp-block-button__link has-vivid-red-background-color has-text-color has-background\" href=\"https:\/\/virtual-moodle.unne.edu.ar\/course\/view.php?id=4803\" style=\"border-radius:2px;color:#fffffa\" target=\"_blank\" rel=\"noreferrer noopener\"><strong>Aula FaCENA Virtual<\/strong><\/a><\/div>\n\n\n\n<div class=\"wp-block-button is-style-outline is-style-outline--1\"><a class=\"wp-block-button__link has-white-color has-vivid-red-background-color has-text-color has-background\" href=\"https:\/\/virtual.unne.edu.ar\/contingencia-covid19\/recursos-plataforma-UV.html\" style=\"border-radius:2px\" target=\"_blank\" rel=\"noreferrer noopener\">UNNE Virtual<\/a><\/div>\n<\/div>\n\n\n\n<p><em>C\u00f3digo de automatriculaci\u00f3n al aula de FaCENA Virtual: FAVI20<\/em><\/p>\n","protected":false},"excerpt":{"rendered":"<p>La evaluaci\u00f3n es un componente \u00edntimamente integrado a las&nbsp;pr\u00e1cticas de ense\u00f1anza, acompa\u00f1a y apoya todo el proceso y no solo un momento espec\u00edfico que ocurre al final. La evaluaci\u00f3n se desarrolla en un proceso continuo, cumple con diversas funciones y brinda un abanico de&nbsp;informaci\u00f3n a todos los actores del proceso&nbsp;(docentes y estudiantes). De acuerdo a &hellip; <\/p>\n","protected":false},"author":1,"featured_media":0,"parent":0,"menu_order":0,"comment_status":"closed","ping_status":"closed","template":"","meta":{"_monsterinsights_skip_tracking":false,"_monsterinsights_sitenote_active":false,"_monsterinsights_sitenote_note":"","_monsterinsights_sitenote_category":0,"footnotes":""},"class_list":["post-334","page","type-page","status-publish","hentry"],"_links":{"self":[{"href":"http:\/\/exa.unne.edu.ar\/facena-virtual\/index.php\/wp-json\/wp\/v2\/pages\/334","targetHints":{"allow":["GET"]}}],"collection":[{"href":"http:\/\/exa.unne.edu.ar\/facena-virtual\/index.php\/wp-json\/wp\/v2\/pages"}],"about":[{"href":"http:\/\/exa.unne.edu.ar\/facena-virtual\/index.php\/wp-json\/wp\/v2\/types\/page"}],"author":[{"embeddable":true,"href":"http:\/\/exa.unne.edu.ar\/facena-virtual\/index.php\/wp-json\/wp\/v2\/users\/1"}],"replies":[{"embeddable":true,"href":"http:\/\/exa.unne.edu.ar\/facena-virtual\/index.php\/wp-json\/wp\/v2\/comments?post=334"}],"version-history":[{"count":0,"href":"http:\/\/exa.unne.edu.ar\/facena-virtual\/index.php\/wp-json\/wp\/v2\/pages\/334\/revisions"}],"wp:attachment":[{"href":"http:\/\/exa.unne.edu.ar\/facena-virtual\/index.php\/wp-json\/wp\/v2\/media?parent=334"}],"curies":[{"name":"wp","href":"https:\/\/api.w.org\/{rel}","templated":true}]}}