{"id":320,"date":"2021-02-18T11:33:01","date_gmt":"2021-02-18T11:33:01","guid":{"rendered":"http:\/\/facenavirtual.com.ar\/inicio\/?page_id=320"},"modified":"2024-05-28T17:27:54","modified_gmt":"2024-05-28T17:27:54","slug":"plataformas-de-videoconferencia-estudiantes","status":"publish","type":"page","link":"http:\/\/exa.unne.edu.ar\/facena-virtual\/index.php\/plataformas-de-videoconferencia-estudiantes\/","title":{"rendered":"Plataformas de Videoconferencia &#8211; Estudiantes"},"content":{"rendered":"\t\t<div data-elementor-type=\"wp-page\" data-elementor-id=\"320\" class=\"elementor elementor-320\">\n\t\t\t\t<div class=\"elementor-element elementor-element-1ab97f6d e-flex e-con-boxed e-con e-parent\" data-id=\"1ab97f6d\" data-element_type=\"container\" data-e-type=\"container\">\n\t\t\t\t\t<div class=\"e-con-inner\">\n\t\t\t\t<div class=\"elementor-element elementor-element-2db74f89 elementor-widget elementor-widget-text-editor\" data-id=\"2db74f89\" data-element_type=\"widget\" data-e-type=\"widget\" data-widget_type=\"text-editor.default\">\n\t\t\t\t<div class=\"elementor-widget-container\">\n\t\t\t\t\t\t\t\t\t\n<p><span style=\"color: #000000;\">A partir de la pandemia por COVID19,\u00a0 con frecuencia se realizan numerosas actividades a trav\u00e9s de plataforma de videconferencia: clases (te\u00f3ricas o pr\u00e1cticas) y tutor\u00edas.\u00a0<\/span><\/p>\n<p><span style=\"color: #000000;\">Aqu\u00ed les dejamos recomendaciones para participar de clases sincr\u00f3nicas.\u00a0<\/span><\/p>\t\t\t\t\t\t\t\t<\/div>\n\t\t\t\t<\/div>\n\t\t\t\t\t<\/div>\n\t\t\t\t<\/div>\n\t\t<div class=\"elementor-element elementor-element-4b9a5ca e-flex e-con-boxed e-con e-parent\" data-id=\"4b9a5ca\" data-element_type=\"container\" data-e-type=\"container\">\n\t\t\t\t\t<div class=\"e-con-inner\">\n\t\t<div class=\"elementor-element elementor-element-f985eb5 e-con-full e-flex e-con e-child\" data-id=\"f985eb5\" data-element_type=\"container\" data-e-type=\"container\">\n\t\t\t\t<div class=\"elementor-element elementor-element-3322cec elementor-widget elementor-widget-image\" data-id=\"3322cec\" data-element_type=\"widget\" data-e-type=\"widget\" data-widget_type=\"image.default\">\n\t\t\t\t<div class=\"elementor-widget-container\">\n\t\t\t\t\t\t\t\t\t\t\t\t\t\t\t<img decoding=\"async\" width=\"216\" height=\"192\" src=\"http:\/\/exa.unne.edu.ar\/facena-virtual\/wp-content\/uploads\/2024\/05\/imagen_2024-05-28_141613237.png\" class=\"attachment-large size-large wp-image-1050\" alt=\"\" srcset=\"http:\/\/exa.unne.edu.ar\/facena-virtual\/wp-content\/uploads\/2024\/05\/imagen_2024-05-28_141613237.png 216w, http:\/\/exa.unne.edu.ar\/facena-virtual\/wp-content\/uploads\/2024\/05\/imagen_2024-05-28_141613237-68x60.png 68w\" sizes=\"(max-width: 216px) 100vw, 216px\" \/>\t\t\t\t\t\t\t\t\t\t\t\t\t\t\t<\/div>\n\t\t\t\t<\/div>\n\t\t\t\t<\/div>\n\t\t<div class=\"elementor-element elementor-element-242bed2 e-con-full e-flex e-con e-child\" data-id=\"242bed2\" data-element_type=\"container\" data-e-type=\"container\">\n\t\t\t\t<div class=\"elementor-element elementor-element-3f28f3c elementor-widget elementor-widget-text-editor\" data-id=\"3f28f3c\" data-element_type=\"widget\" data-e-type=\"widget\" data-widget_type=\"text-editor.default\">\n\t\t\t\t<div class=\"elementor-widget-container\">\n\t\t\t\t\t\t\t\t\t<p class=\"has-medium-font-size\"><span style=\"color: #000000;\"><strong> Antes de la clase<\/strong><\/span><\/p>\n<p><span style=\"color: #000000;\"><\/span><\/p>\n<ul class=\"wp-block-list\">\n<li><span style=\"color: #000000;\">Obtenga el enlace de acceso.<\/span><\/li>\n<li><span style=\"color: #000000;\">Realice una prueba de acceso para familiarizarse.<\/span><\/li>\n<\/ul>\t\t\t\t\t\t\t\t<\/div>\n\t\t\t\t<\/div>\n\t\t\t\t<\/div>\n\t\t\t\t\t<\/div>\n\t\t\t\t<\/div>\n\t\t<div class=\"elementor-element elementor-element-50d5d3c e-flex e-con-boxed e-con e-parent\" data-id=\"50d5d3c\" data-element_type=\"container\" data-e-type=\"container\">\n\t\t\t\t\t<div class=\"e-con-inner\">\n\t\t<div class=\"elementor-element elementor-element-e0e14b9 e-con-full e-flex e-con e-child\" data-id=\"e0e14b9\" data-element_type=\"container\" data-e-type=\"container\">\n\t\t\t\t<div class=\"elementor-element elementor-element-373c257 elementor-widget elementor-widget-image\" data-id=\"373c257\" data-element_type=\"widget\" data-e-type=\"widget\" data-widget_type=\"image.default\">\n\t\t\t\t<div class=\"elementor-widget-container\">\n\t\t\t\t\t\t\t\t\t\t\t\t\t\t\t<img decoding=\"async\" width=\"185\" height=\"158\" src=\"http:\/\/exa.unne.edu.ar\/facena-virtual\/wp-content\/uploads\/2024\/05\/imagen_2024-05-28_141744116.png\" class=\"attachment-large size-large wp-image-1051\" alt=\"\" srcset=\"http:\/\/exa.unne.edu.ar\/facena-virtual\/wp-content\/uploads\/2024\/05\/imagen_2024-05-28_141744116.png 185w, http:\/\/exa.unne.edu.ar\/facena-virtual\/wp-content\/uploads\/2024\/05\/imagen_2024-05-28_141744116-70x60.png 70w\" sizes=\"(max-width: 185px) 100vw, 185px\" \/>\t\t\t\t\t\t\t\t\t\t\t\t\t\t\t<\/div>\n\t\t\t\t<\/div>\n\t\t\t\t<\/div>\n\t\t<div class=\"elementor-element elementor-element-5c2bcd1 e-con-full e-flex e-con e-child\" data-id=\"5c2bcd1\" data-element_type=\"container\" data-e-type=\"container\">\n\t\t\t\t<div class=\"elementor-element elementor-element-cb53a74 elementor-widget elementor-widget-text-editor\" data-id=\"cb53a74\" data-element_type=\"widget\" data-e-type=\"widget\" data-widget_type=\"text-editor.default\">\n\t\t\t\t<div class=\"elementor-widget-container\">\n\t\t\t\t\t\t\t\t\t<p class=\"has-medium-font-size\"><span style=\"color: #000000;\"><strong>Acceso<\/strong><\/span><\/p>\n<p class=\"has-medium-font-size\"><span style=\"color: #000000;\"><\/span><\/p>\n<ul class=\"wp-block-list\">\n<li><span style=\"color: #000000;\">Con\u00e9ctese en el horario indicado.<\/span><\/li>\n<li><span style=\"color: #000000;\">Identif\u00edquese con nombre y apellido.\u00a0<\/span><\/li>\n<\/ul>\t\t\t\t\t\t\t\t<\/div>\n\t\t\t\t<\/div>\n\t\t\t\t<\/div>\n\t\t\t\t\t<\/div>\n\t\t\t\t<\/div>\n\t\t<div class=\"elementor-element elementor-element-d13d19f e-flex e-con-boxed e-con e-parent\" data-id=\"d13d19f\" data-element_type=\"container\" data-e-type=\"container\">\n\t\t\t\t\t<div class=\"e-con-inner\">\n\t\t<div class=\"elementor-element elementor-element-e07c9fb e-con-full e-flex e-con e-child\" data-id=\"e07c9fb\" data-element_type=\"container\" data-e-type=\"container\">\n\t\t\t\t<div class=\"elementor-element elementor-element-2405ee2 elementor-widget elementor-widget-image\" data-id=\"2405ee2\" data-element_type=\"widget\" data-e-type=\"widget\" data-widget_type=\"image.default\">\n\t\t\t\t<div class=\"elementor-widget-container\">\n\t\t\t\t\t\t\t\t\t\t\t\t\t\t\t<img decoding=\"async\" width=\"177\" height=\"148\" src=\"http:\/\/exa.unne.edu.ar\/facena-virtual\/wp-content\/uploads\/2024\/05\/imagen_2024-05-28_142305756.png\" class=\"attachment-large size-large wp-image-1052\" alt=\"\" srcset=\"http:\/\/exa.unne.edu.ar\/facena-virtual\/wp-content\/uploads\/2024\/05\/imagen_2024-05-28_142305756.png 177w, http:\/\/exa.unne.edu.ar\/facena-virtual\/wp-content\/uploads\/2024\/05\/imagen_2024-05-28_142305756-72x60.png 72w\" sizes=\"(max-width: 177px) 100vw, 177px\" \/>\t\t\t\t\t\t\t\t\t\t\t\t\t\t\t<\/div>\n\t\t\t\t<\/div>\n\t\t\t\t<\/div>\n\t\t<div class=\"elementor-element elementor-element-95c1fea e-con-full e-flex e-con e-child\" data-id=\"95c1fea\" data-element_type=\"container\" data-e-type=\"container\">\n\t\t\t\t<div class=\"elementor-element elementor-element-54a7f9c elementor-widget elementor-widget-text-editor\" data-id=\"54a7f9c\" data-element_type=\"widget\" data-e-type=\"widget\" data-widget_type=\"text-editor.default\">\n\t\t\t\t<div class=\"elementor-widget-container\">\n\t\t\t\t\t\t\t\t\t<p class=\"has-medium-font-size\"><span style=\"color: #000000;\"><strong>Participaci\u00f3n en la clase<\/strong><\/span><\/p>\n<p class=\"has-medium-font-size\"><span style=\"color: #000000;\"><\/span><\/p>\n<ul class=\"wp-block-list\">\n<li><span style=\"color: #000000;\">Siga las indicaciones del docente para participar (chat, levantar la mano, usar el micr\u00f3fono).<\/span><\/li>\n<li><span style=\"color: #000000;\">Realice sus preguntas y espere las respuestas.\u00a0<\/span><\/li>\n<li><span style=\"color: #000000;\">Evite monopolizar el di\u00e1logo, sus compa\u00f1eros tambi\u00e9n querr\u00e1n hacer preguntas.\u00a0<\/span><\/li>\n<li><span style=\"color: #000000;\">Use un lenguaje respetuoso, propio del \u00e1mbito acad\u00e9mico.\u00a0<\/span><\/li>\n<li><span style=\"color: #000000;\">Haga preguntas concretas. Si es una situaci\u00f3n personal o muy particular, espere al final de la clase y pida un momento.<\/span><\/li>\n<li><span style=\"color: #000000;\">No comparta pantallas a menos que el docente lo solicite.<\/span><\/li>\n<\/ul>\t\t\t\t\t\t\t\t<\/div>\n\t\t\t\t<\/div>\n\t\t\t\t<\/div>\n\t\t\t\t\t<\/div>\n\t\t\t\t<\/div>\n\t\t<div class=\"elementor-element elementor-element-a4a171a e-flex e-con-boxed e-con e-parent\" data-id=\"a4a171a\" data-element_type=\"container\" data-e-type=\"container\">\n\t\t\t\t\t<div class=\"e-con-inner\">\n\t\t<div class=\"elementor-element elementor-element-46c16a3 e-con-full e-flex e-con e-child\" data-id=\"46c16a3\" data-element_type=\"container\" data-e-type=\"container\">\n\t\t\t\t<div class=\"elementor-element elementor-element-1d600ff elementor-widget elementor-widget-image\" data-id=\"1d600ff\" data-element_type=\"widget\" data-e-type=\"widget\" data-widget_type=\"image.default\">\n\t\t\t\t<div class=\"elementor-widget-container\">\n\t\t\t\t\t\t\t\t\t\t\t\t\t\t\t<img loading=\"lazy\" decoding=\"async\" width=\"204\" height=\"158\" src=\"http:\/\/exa.unne.edu.ar\/facena-virtual\/wp-content\/uploads\/2024\/05\/imagen_2024-05-28_142316380.png\" class=\"attachment-large size-large wp-image-1053\" alt=\"\" srcset=\"http:\/\/exa.unne.edu.ar\/facena-virtual\/wp-content\/uploads\/2024\/05\/imagen_2024-05-28_142316380.png 204w, http:\/\/exa.unne.edu.ar\/facena-virtual\/wp-content\/uploads\/2024\/05\/imagen_2024-05-28_142316380-77x60.png 77w\" sizes=\"(max-width: 204px) 100vw, 204px\" \/>\t\t\t\t\t\t\t\t\t\t\t\t\t\t\t<\/div>\n\t\t\t\t<\/div>\n\t\t\t\t<\/div>\n\t\t<div class=\"elementor-element elementor-element-78621e4 e-con-full e-flex e-con e-child\" data-id=\"78621e4\" data-element_type=\"container\" data-e-type=\"container\">\n\t\t\t\t<div class=\"elementor-element elementor-element-4af25a5 elementor-widget elementor-widget-text-editor\" data-id=\"4af25a5\" data-element_type=\"widget\" data-e-type=\"widget\" data-widget_type=\"text-editor.default\">\n\t\t\t\t<div class=\"elementor-widget-container\">\n\t\t\t\t\t\t\t\t\t<p class=\"has-medium-font-size\"><span style=\"color: #000000;\"><strong>Configuraci\u00f3n<\/strong><\/span><\/p>\n<p class=\"has-medium-font-size\"><span style=\"color: #000000;\"><\/span><\/p>\n<ul class=\"wp-block-list\">\n<li><span style=\"color: #000000;\">Configure micr\u00f3fono y c\u00e1mara antes de la clase.\u00a0<\/span><\/li>\n<li><span style=\"color: #000000;\">Silencie su micr\u00f3fono.<\/span><\/li>\n<li><span style=\"color: #000000;\">La c\u00e1mara consume datos, si su conexi\u00f3n es inestable, ap\u00e1guela.<\/span><\/li>\n<\/ul>\t\t\t\t\t\t\t\t<\/div>\n\t\t\t\t<\/div>\n\t\t\t\t<\/div>\n\t\t\t\t\t<\/div>\n\t\t\t\t<\/div>\n\t\t<div class=\"elementor-element elementor-element-987e685 e-flex e-con-boxed e-con e-parent\" data-id=\"987e685\" data-element_type=\"container\" data-e-type=\"container\">\n\t\t\t\t\t<div class=\"e-con-inner\">\n\t\t<div class=\"elementor-element elementor-element-b1cbeda e-con-full e-flex e-con e-child\" data-id=\"b1cbeda\" data-element_type=\"container\" data-e-type=\"container\">\n\t\t\t\t<div class=\"elementor-element elementor-element-3b0a322 elementor-widget elementor-widget-image\" data-id=\"3b0a322\" data-element_type=\"widget\" data-e-type=\"widget\" data-widget_type=\"image.default\">\n\t\t\t\t<div class=\"elementor-widget-container\">\n\t\t\t\t\t\t\t\t\t\t\t\t\t\t\t<img loading=\"lazy\" decoding=\"async\" width=\"141\" height=\"127\" src=\"http:\/\/exa.unne.edu.ar\/facena-virtual\/wp-content\/uploads\/2024\/05\/imagen_2024-05-28_142327403.png\" class=\"attachment-large size-large wp-image-1054\" alt=\"\" srcset=\"http:\/\/exa.unne.edu.ar\/facena-virtual\/wp-content\/uploads\/2024\/05\/imagen_2024-05-28_142327403.png 141w, http:\/\/exa.unne.edu.ar\/facena-virtual\/wp-content\/uploads\/2024\/05\/imagen_2024-05-28_142327403-67x60.png 67w\" sizes=\"(max-width: 141px) 100vw, 141px\" \/>\t\t\t\t\t\t\t\t\t\t\t\t\t\t\t<\/div>\n\t\t\t\t<\/div>\n\t\t\t\t<\/div>\n\t\t<div class=\"elementor-element elementor-element-700a19f e-con-full e-flex e-con e-child\" data-id=\"700a19f\" data-element_type=\"container\" data-e-type=\"container\">\n\t\t\t\t<div class=\"elementor-element elementor-element-73077e7 elementor-widget elementor-widget-text-editor\" data-id=\"73077e7\" data-element_type=\"widget\" data-e-type=\"widget\" data-widget_type=\"text-editor.default\">\n\t\t\t\t<div class=\"elementor-widget-container\">\n\t\t\t\t\t\t\t\t\t<p class=\"has-medium-font-size\"><span style=\"color: #000000;\"><strong>Seguridad<\/strong><\/span><\/p>\n<p class=\"has-medium-font-size\"><span style=\"color: #000000;\"><\/span><\/p>\n<ul class=\"wp-block-list\">\n<li><span style=\"color: #000000;\">Descargue aplicaciones de sitios oficiales.<\/span><\/li>\n<li><span style=\"color: #000000;\">Cierre otras pesta\u00f1as o ventanas del navegador.<\/span><\/li>\n<li><span style=\"color: #000000;\">Cierre sesi\u00f3n al finalizar.<\/span><\/li>\n<\/ul>\t\t\t\t\t\t\t\t<\/div>\n\t\t\t\t<\/div>\n\t\t\t\t<\/div>\n\t\t\t\t\t<\/div>\n\t\t\t\t<\/div>\n\t\t<div class=\"elementor-element elementor-element-75089a7 e-flex e-con-boxed e-con e-parent\" data-id=\"75089a7\" data-element_type=\"container\" data-e-type=\"container\">\n\t\t\t\t\t<div class=\"e-con-inner\">\n\t\t\t\t<div class=\"elementor-element elementor-element-2d54903 elementor-widget elementor-widget-button\" data-id=\"2d54903\" data-element_type=\"widget\" data-e-type=\"widget\" data-widget_type=\"button.default\">\n\t\t\t\t<div class=\"elementor-widget-container\">\n\t\t\t\t\t\t\t\t\t<div class=\"elementor-button-wrapper\">\n\t\t\t\t\t<a class=\"elementor-button elementor-button-link elementor-size-sm\" href=\"http:\/\/exa.unne.edu.ar\/facena-virtual\/wp-content\/uploads\/2021\/02\/Infografias-3-1.jpg\" target=\"_blank\">\n\t\t\t\t\t\t<span class=\"elementor-button-content-wrapper\">\n\t\t\t\t\t\t\t\t\t<span class=\"elementor-button-text\">Descarga las recomendaciones<\/span>\n\t\t\t\t\t<\/span>\n\t\t\t\t\t<\/a>\n\t\t\t\t<\/div>\n\t\t\t\t\t\t\t\t<\/div>\n\t\t\t\t<\/div>\n\t\t\t\t\t<\/div>\n\t\t\t\t<\/div>\n\t\t\t\t<\/div>\n\t\t","protected":false},"excerpt":{"rendered":"<p>A partir de la pandemia por COVID19,\u00a0 con frecuencia se realizan numerosas actividades a trav\u00e9s de plataforma de videconferencia: clases (te\u00f3ricas o pr\u00e1cticas) y tutor\u00edas.\u00a0 Aqu\u00ed les dejamos recomendaciones para participar de clases sincr\u00f3nicas.\u00a0 Antes de la clase Obtenga el enlace de acceso. Realice una prueba de acceso para familiarizarse. Acceso Con\u00e9ctese en el horario &hellip; <\/p>\n","protected":false},"author":1,"featured_media":0,"parent":0,"menu_order":0,"comment_status":"closed","ping_status":"closed","template":"","meta":{"_monsterinsights_skip_tracking":false,"_monsterinsights_sitenote_active":false,"_monsterinsights_sitenote_note":"","_monsterinsights_sitenote_category":0,"footnotes":""},"class_list":["post-320","page","type-page","status-publish","hentry"],"_links":{"self":[{"href":"http:\/\/exa.unne.edu.ar\/facena-virtual\/index.php\/wp-json\/wp\/v2\/pages\/320","targetHints":{"allow":["GET"]}}],"collection":[{"href":"http:\/\/exa.unne.edu.ar\/facena-virtual\/index.php\/wp-json\/wp\/v2\/pages"}],"about":[{"href":"http:\/\/exa.unne.edu.ar\/facena-virtual\/index.php\/wp-json\/wp\/v2\/types\/page"}],"author":[{"embeddable":true,"href":"http:\/\/exa.unne.edu.ar\/facena-virtual\/index.php\/wp-json\/wp\/v2\/users\/1"}],"replies":[{"embeddable":true,"href":"http:\/\/exa.unne.edu.ar\/facena-virtual\/index.php\/wp-json\/wp\/v2\/comments?post=320"}],"version-history":[{"count":6,"href":"http:\/\/exa.unne.edu.ar\/facena-virtual\/index.php\/wp-json\/wp\/v2\/pages\/320\/revisions"}],"predecessor-version":[{"id":1060,"href":"http:\/\/exa.unne.edu.ar\/facena-virtual\/index.php\/wp-json\/wp\/v2\/pages\/320\/revisions\/1060"}],"wp:attachment":[{"href":"http:\/\/exa.unne.edu.ar\/facena-virtual\/index.php\/wp-json\/wp\/v2\/media?parent=320"}],"curies":[{"name":"wp","href":"https:\/\/api.w.org\/{rel}","templated":true}]}}